{"id":12584,"date":"2020-09-26T15:45:58","date_gmt":"2020-09-26T14:45:58","guid":{"rendered":"https:\/\/sorareguide.com\/heim\/"},"modified":"2022-06-20T20:40:36","modified_gmt":"2022-06-20T20:40:36","slug":"heim","status":"publish","type":"page","link":"https:\/\/sorareguide.com\/de\/","title":{"rendered":"Heim"},"content":{"rendered":"<div class=\"gb-container gb-container-6988789f\"><div class=\"gb-inside-container\">\n<div class=\"gb-grid-wrapper gb-grid-wrapper-85de27a8\">\n<div class=\"gb-grid-column gb-grid-column-7581e29c\"><div class=\"gb-container gb-container-7581e29c\"><div class=\"gb-inside-container\">\n\n<h1 class=\"gb-headline gb-headline-7fb735cd gb-headline-text\">Sorare ist ein Fantasy-Fu\u00dfballspiel. Bei Sorare Guide bieten wir <mark class=\"gb-highlight\">Tipps, Anleitungen und Unterst\u00fctzung<\/mark> , um Ihnen beim Gewinnen zu helfen.<\/h1>\n\n<\/div><\/div><\/div>\n<\/div>\n<\/div><\/div><div class=\"gb-container gb-container-3d5d5356\"><div class=\"gb-inside-container\">\n<div class=\"gb-grid-wrapper gb-grid-wrapper-ce209d0e\">\n<div class=\"gb-grid-column gb-grid-column-ed07c45b\"><div class=\"gb-container gb-container-ed07c45b\"><div class=\"gb-inside-container\">\n\n<h2 class=\"gb-headline gb-headline-8147db57 gb-headline-text\">Verpassen Sie nicht Ihren exklusiven Bonus<\/h2>\n\n\n\n<p>Wenn Sie unseren Link verwenden, erhalten Sie eine kostenlose limitierte Karte, wenn Sie 5 Karten aus der Auktion kaufen. Wen wirst <em><strong>du<\/strong><\/em> gewinnen?<\/p>\n\n<\/div><\/div><\/div>\n\n<div class=\"gb-grid-column gb-grid-column-0a224e83\"><div class=\"gb-container gb-container-0a224e83\"><div class=\"gb-inside-container\">\n\n<div class=\"wp-block-buttons is-layout-flex wp-block-buttons-is-layout-flex\">\n<div class=\"wp-block-button\"><a class=\"wp-block-button__link\" href=\"https:\/\/sorareguide.com\/free-cards\">Holen Sie sich jetzt Ihre kostenlose Karte<\/a><\/div>\n<\/div>\n\n<\/div><\/div><\/div>\n<\/div>\n<\/div><\/div><div class=\"gb-container gb-container-2992f866\"><div class=\"gb-inside-container\">\n\n<h3 class=\"gb-headline gb-headline-df16c429\"><span class=\"gb-icon\"><svg xmlns=\"http:\/\/www.w3.org\/2000\/svg\" viewbox=\"0 0 68.98 38.88\"><path d=\"M15.51 38.88H0L22.45 0h15.51zM46.53 38.88H31.02L53.47 0h15.51z\"><\/path><\/svg><\/span><span class=\"gb-headline-text\">\u00dcber Sorare<\/span><\/h3>\n\n\n\n<div style=\"height:14px\" aria-hidden=\"true\" class=\"wp-block-spacer\"><\/div>\n\n\n\n<p>Sorare ist ein globales Fantasy-Fu\u00dfballspiel, bei dem Sie offiziell lizenzierte digitale Karten sammeln k\u00f6nnen. Mit den jede Woche <a class=\"wpil_keyword_link \" href=\"https:\/\/sorareguide.com\/de\/sorare-review\/\" title=\"Angebot\" data-wpil-keyword-link=\"linked\">angebotenen<\/a> Preisen sind Sie motiviert, Ihre Sammlung kontinuierlich zu erweitern.<\/p>\n\n\n\n<p>Sorare wird von einem riesigen Team von Investoren wie Rio Ferdinand, Andre Schurrle und Antoine Griezmann unterst\u00fctzt. Sie haben auch Leute wie Ubisoft angezogen.<\/p>\n\n\n\n<p>Es ist ein Fantasy-Football-Spiel, das auf Blockchain basiert, insbesondere Ethereum (ETH). Es ist ein neues Konzept, aber unser Ziel ist es, Ihnen kostenlose Ressourcen und Informationen anzubieten, um Ihre Gewinnchancen bei den Turnieren zu erh\u00f6hen. <strong>Es ist eine Mischung aus Digital Collecting &amp; Fantasy Games. <\/strong>Erhalten Sie Ihre kostenlose Karte, wenn Sie 5 Karten kaufen.<\/p>\n\n\n<div class=\"gb-grid-wrapper gb-grid-wrapper-126af6dc\">\n<div class=\"gb-grid-column gb-grid-column-b910f0a6\"><div class=\"gb-container gb-container-b910f0a6\"><div class=\"gb-inside-container\">\n\n<figure class=\"wp-block-image size-full is-resized\"><img decoding=\"async\" loading=\"lazy\" src=\"https:\/\/learnretailarbitrage.com\/wp-content\/uploads\/2021\/06\/cryptography.svg\" alt=\"Kryptographie\" class=\"wp-image-1412\" width=\"473\" height=\"468\"\/><\/figure>\n\n<\/div><\/div><\/div>\n\n<div class=\"gb-grid-column gb-grid-column-32e1430d\"><div class=\"gb-container gb-container-32e1430d\"><div class=\"gb-inside-container\">\n\n<h2 class=\"gb-headline gb-headline-c6416161\"><span class=\"gb-icon\"><svg xmlns=\"http:\/\/www.w3.org\/2000\/svg\" viewbox=\"0 0 80 42\" data-name=\"subtract\"><path d=\"M0 20.06h80v1.87H0z\"><\/path><\/svg><\/span><span class=\"gb-headline-text\">Testen Sie Ihr Fu\u00dfballwissen und messen Sie sich mit anderen Managern in Fantasy-Fu\u00dfballwettbewerben<\/span><\/h2>\n\n\n\n<h2 class=\"gb-headline gb-headline-fcccb11c gb-headline-text\">Was ist Sorare?<\/h2>\n\n\n\n<p>Sorare ist ein Fantasy-Fu\u00dfballspiel, bei dem Sie <strong>tats\u00e4chlich die Spieler besitzen<\/strong> , die Sie in Ihrem Team haben m\u00f6chten. Ausgehend von Null bauen Manager ihre Galerien auf, um mit anderen Managern zu konkurrieren. Die Preise sind Bargeld, zus\u00e4tzlich zu weiteren Pr\u00e4mienkarten. <\/p>\n\n\n\n<p class=\"gb-headline gb-headline-7196996c\"><span class=\"gb-icon\"><svg xmlns=\"http:\/\/www.w3.org\/2000\/svg\" aria-hidden=\"true\" role=\"img\" height=\"1em\" width=\"1em\" viewbox=\"0 0 256 512\"><path fill=\"currentColor\" d=\"M224.3 273l-136 136c-9.4 9.4-24.6 9.4-33.9 0l-22.6-22.6c-9.4-9.4-9.4-24.6 0-33.9l96.4-96.4-96.4-96.4c-9.4-9.4-9.4-24.6 0-33.9L54.3 103c9.4-9.4 24.6-9.4 33.9 0l136 136c9.5 9.4 9.5 24.6.1 34z\"><\/path><\/svg><\/span><span class=\"gb-headline-text\"><strong>Kaufen Sie Neuverpflichtungen im Auktionshaus oder verhandeln Sie mit anderen Managern \u00fcber ein Schn\u00e4ppchen.<\/strong><\/span><\/p>\n\n\n\n<p class=\"gb-headline gb-headline-d590db48\"><span class=\"gb-icon\"><svg xmlns=\"http:\/\/www.w3.org\/2000\/svg\" aria-hidden=\"true\" role=\"img\" height=\"1em\" width=\"1em\" viewbox=\"0 0 256 512\"><path fill=\"currentColor\" d=\"M224.3 273l-136 136c-9.4 9.4-24.6 9.4-33.9 0l-22.6-22.6c-9.4-9.4-9.4-24.6 0-33.9l96.4-96.4-96.4-96.4c-9.4-9.4-9.4-24.6 0-33.9L54.3 103c9.4-9.4 24.6-9.4 33.9 0l136 136c9.5 9.4 9.5 24.6.1 34z\"><\/path><\/svg><\/span><span class=\"gb-headline-text\"><strong>Geben Sie Ihre Aufstellungen in Fantasy-Football-Turnieren ein, um die ultimativen Angeberrechte zu erhalten. Die Belohnungen sind unbegrenzt.<\/strong><\/span><\/p>\n\n\n\n<p class=\"gb-headline gb-headline-816b4cd6\"><span class=\"gb-icon\"><svg xmlns=\"http:\/\/www.w3.org\/2000\/svg\" aria-hidden=\"true\" role=\"img\" height=\"1em\" width=\"1em\" viewbox=\"0 0 256 512\"><path fill=\"currentColor\" d=\"M224.3 273l-136 136c-9.4 9.4-24.6 9.4-33.9 0l-22.6-22.6c-9.4-9.4-9.4-24.6 0-33.9l96.4-96.4-96.4-96.4c-9.4-9.4-9.4-24.6 0-33.9L54.3 103c9.4-9.4 24.6-9.4 33.9 0l136 136c9.5 9.4 9.5 24.6.1 34z\"><\/path><\/svg><\/span><span class=\"gb-headline-text\"><strong>Sie besitzen die Karten in der Blockchain physisch und geben Ihnen pers\u00f6nliche Rechte an dieser Karte. <\/strong><\/span><\/p>\n\n\n<div class=\"gb-button-wrapper gb-button-wrapper-a652e291\">\n\n<a class=\"gb-button gb-button-90d458f8 gb-button-text\" href=\"https:\/\/sorareguide.com\/free-cards\" target=\"_blank\" rel=\"noopener noreferrer\">Holen Sie sich eine kostenlose limitierte Karte \u2013 wenn Sie 5 aus der Auktion kaufen<\/a>\n\n<\/div>\n<\/div><\/div><\/div>\n<\/div>\n\n\n<p><a href=\"https:\/\/sorareguide.com\/free-cards\"><\/a><\/p>\n\n<\/div><\/div><div class=\"gb-container gb-container-3c1b3cef\"><div class=\"gb-inside-container\">\n\n<h4 class=\"gb-headline gb-headline-32365078\"><span class=\"gb-icon\"><svg xmlns=\"http:\/\/www.w3.org\/2000\/svg\" viewbox=\"0 0 40 28\"><path d=\"M30.6 28c-5.2 0-9.4-4.2-9.4-9.4C21.2 8 25.5 1 25.7.7l.5-.7H33l-.6 2C31.9 3.9 31 7.4 31 8.6v.6c2.4.1 4.6 1.1 6.3 2.8 1.7 1.8 2.7 4.1 2.7 6.6 0 5.2-4.2 9.4-9.4 9.4zM27.9 3.1c-1 2-3.6 7.7-3.6 15.5 0 3.4 2.8 6.2 6.2 6.2s6.2-2.8 6.2-6.2-2.7-6.2-6.1-6.2h-.1c-1.4 0-2-.7-2.4-1.3-.4-.7-.4-1.5-.4-2.4 0-1.2.6-3.7 1-5.5l-.8-.1zm2.7 6.1zM9.4 28C4.2 28 0 23.8 0 18.6 0 8 4.3 1 4.5.7l.4-.7h6.8l-.6 2c-.6 1.9-1.4 5.5-1.4 6.6v.6c2.4.1 4.6 1.1 6.3 2.8 1.7 1.8 2.7 4.1 2.7 6.6 0 5.2-4.2 9.4-9.3 9.4zM6.7 3.1c-1 2-3.6 7.7-3.6 15.5 0 3.4 2.8 6.2 6.2 6.2s6.2-2.8 6.2-6.2-2.7-6.2-6.1-6.2c-1.4 0-2-.7-2.4-1.3-.4-.7-.4-1.5-.4-2.4 0-1.2.6-3.7 1-5.5l-.9-.1zm2.7 6.1z\"><\/path><\/svg><\/span><span class=\"gb-headline-text\">BESITZ DEIN SPIEL.<\/span><\/h4>\n\n\n\n<div class=\"wp-block-columns has-text-color has-background is-layout-flex wp-container-6 wp-block-columns-is-layout-flex\" style=\"background-color:#ffffff;color:#000000\">\n<div class=\"wp-block-column is-layout-flow wp-block-column-is-layout-flow\">\n<h3 class=\"wp-block-heading\" style=\"font-size:24px;line-height:1.3\"><strong>Hunderte von lizenzierten Clubs<\/strong><\/h3>\n\n\n\n<p>Kaufen Sie sammelbare NFTs von \u00fcber 120 Clubs auf der ganzen Welt. Jeden Monat kommen weitere Clubs hinzu.<\/p>\n<\/div>\n\n\n\n<div class=\"wp-block-column is-layout-flow wp-block-column-is-layout-flow\">\n<h3 class=\"wp-block-heading\" style=\"font-size:24px;line-height:1.3\"><strong>Scouting-Potenzial<\/strong><\/h3>\n\n\n\n<p>Sie k\u00f6nnen Ihre Lieblingsspieler \u201ebeobachten\u201c, sodass Sie benachrichtigt werden, wenn ein neuer Spieler zum Transfermarkt hinzugef\u00fcgt wird.<\/p>\n<\/div>\n\n\n\n<div class=\"wp-block-column is-layout-flow wp-block-column-is-layout-flow\">\n<h3 class=\"wp-block-heading\" style=\"font-size:24px;line-height:1.3\"><strong>Mehrere Fu\u00dfballligen<\/strong><\/h3>\n\n\n\n<p>Mit \u00fcber 20 abgedeckten Ligen kannst du weltweit scouten und die besten verf\u00fcgbaren Spieler finden.<\/p>\n<\/div>\n<\/div>\n\n\n<div class=\"wp-block-image\">\n<figure class=\"aligncenter size-full is-resized\"><img decoding=\"async\" loading=\"lazy\" src=\"https:\/\/sorareguide.com\/wp-content\/uploads\/2021\/03\/Mbappe-Sorare-Card.png\" alt=\"Mbappe Sorare\" class=\"wp-image-7139\" width=\"335\" height=\"542\" srcset=\"https:\/\/sorareguide.com\/wp-content\/uploads\/2021\/03\/Mbappe-Sorare-Card.png 514w, https:\/\/sorareguide.com\/wp-content\/uploads\/2021\/03\/Mbappe-Sorare-Card-185x300.png 185w\" sizes=\"(max-width: 335px) 100vw, 335px\" \/><\/figure><\/div>\n\n\n<div class=\"wp-block-columns has-text-color has-background is-layout-flex wp-container-10 wp-block-columns-is-layout-flex\" style=\"background-color:#ffffff;color:#000000\">\n<div class=\"wp-block-column is-layout-flow wp-block-column-is-layout-flow\">\n<h3 class=\"wp-block-heading\" style=\"font-size:24px;line-height:1.3\"><strong><a href=\"http:\/\/wordpress.org\" target=\"_blank\">Bauen Sie Ihre Sammlung auf<\/a><\/strong><\/h3>\n\n\n\n<p>Ihre digitalen Karten verfallen nie. Sie k\u00f6nnen sich darauf konzentrieren, eine Sammlung der besten Spieler der Welt aufzubauen.<\/p>\n<\/div>\n\n\n\n<div class=\"wp-block-column is-layout-flow wp-block-column-is-layout-flow\">\n<h3 class=\"wp-block-heading\" style=\"font-size:24px;line-height:1.3\"><strong>Einwandfreies Design<\/strong><\/h3>\n\n\n\n<p>Die virtuellen Karten sind wundersch\u00f6n, genau wie diese Karte in limitierter Auflage zum 50-j\u00e4hrigen Jubil\u00e4um von Mbappe PSG.<\/p>\n<\/div>\n\n\n\n<div class=\"wp-block-column is-layout-flow wp-block-column-is-layout-flow\">\n<h3 class=\"wp-block-heading\" style=\"font-size:24px;line-height:1.3\"><strong>Vielzahl von Turnieren<\/strong><\/h3>\n\n\n\n<p>Es gibt bereits <strong>viele<\/strong> H\u00e4ndler, die sich weigern, Wetten bei Buchmachern zu platzieren, nachdem sie gesehen haben, wie gut Football Index ist!<\/p>\n\n\n\n<p><a href=\"https:\/\/sorareguide.com\/free-cards\"><\/a><\/p>\n<\/div>\n<\/div>\n\n\n<div class=\"gb-container gb-container-91b231bf\"><div class=\"gb-inside-container\">\n<div class=\"gb-grid-wrapper gb-grid-wrapper-409ddfb8\">\n<div class=\"gb-grid-column gb-grid-column-a955004c\"><div class=\"gb-container gb-container-a955004c\"><div class=\"gb-inside-container\">\n\n<h2 class=\"gb-headline gb-headline-539c30d5\"><span class=\"gb-icon\"><svg xmlns=\"http:\/\/www.w3.org\/2000\/svg\" viewbox=\"0 0 80 42\" data-name=\"subtract\"><path d=\"M0 20.06h80v1.87H0z\"><\/path><\/svg><\/span><span class=\"gb-headline-text\">Fangen Sie noch heute an zu spielen<\/span><\/h2>\n\n\n\n<h2 class=\"gb-headline gb-headline-a163fdff gb-headline-text\">Wie man anf\u00e4ngt<\/h2>\n\n\n\n<p>Das erste, was Sie tun sollten, ist die Verwendung eines Empfehlungslinks. Dadurch erhalten Sie 1 kostenlose limitierte Karte, wenn Sie 5 aus der Auktion kaufen.<\/p>\n\n\n\n<p>Sie k\u00f6nnen sogar anfangen, in den Free-to-Play-Common-Ligen zu spielen.<\/p>\n\n\n<div class=\"gb-button-wrapper gb-button-wrapper-6b012d52\">\n\n<a class=\"gb-button gb-button-a589c2b2 gb-button-text\" href=\"https:\/\/sorareguide.com\/free-cards\" target=\"_blank\" rel=\"noopener noreferrer\">Holen Sie sich Ihre kostenlose limitierte Karte<\/a>\n\n<\/div>\n<\/div><\/div><\/div>\n\n<div class=\"gb-grid-column gb-grid-column-31111a3b\"><div class=\"gb-container gb-container-31111a3b\"><div class=\"gb-inside-container\">\n\n<h3 class=\"gb-headline gb-headline-42ddb2c0\"><span class=\"gb-icon\"><svg xmlns=\"http:\/\/www.w3.org\/2000\/svg\" viewbox=\"0 0 384 512\"><path d=\"M384 112v352c0 26.51-21.49 48-48 48H48c-26.51 0-48-21.49-48-48V112c0-26.51 21.49-48 48-48h80c0-35.29 28.71-64 64-64s64 28.71 64 64h80c26.51 0 48 21.49 48 48zM192 40c-13.255 0-24 10.745-24 24s10.745 24 24 24 24-10.745 24-24-10.745-24-24-24m96 114v-20a6 6 0 00-6-6H102a6 6 0 00-6 6v20a6 6 0 006 6h180a6 6 0 006-6z\"><\/path><\/svg><\/span><span class=\"gb-headline-text\">Registrieren Sie sich f\u00fcr Ihr Konto<\/span><\/h3>\n\n\n\n<p style=\"font-size:15px\">Schlie\u00dfen Sie den Anmeldevorgang ab und w\u00e4hlen Sie Ihren Clubnamen, Ihr Logo usw.<\/p>\n\n\n\n<h3 class=\"gb-headline gb-headline-685d1b62\"><span class=\"gb-icon\"><svg xmlns=\"http:\/\/www.w3.org\/2000\/svg\" viewbox=\"0 0 512 512\"><path d=\"M461.2 128H80c-8.84 0-16-7.16-16-16s7.16-16 16-16h384c8.84 0 16-7.16 16-16 0-26.51-21.49-48-48-48H64C28.65 32 0 60.65 0 96v320c0 35.35 28.65 64 64 64h397.2c28.02 0 50.8-21.53 50.8-48V176c0-26.47-22.78-48-50.8-48zM416 336c-17.67 0-32-14.33-32-32s14.33-32 32-32 32 14.33 32 32-14.33 32-32 32z\"><\/path><\/svg><\/span><span class=\"gb-headline-text\">Enth\u00fcllen Sie Ihre ersten Karten<\/span><\/h3>\n\n\n\n<p style=\"font-size:15px\">Ihre gemeinsamen Karten werden \u00fcber ein \u201eBelohnungspaket\u201c geliefert. Danach k\u00f6nnen Sie direkt beim Auktionshaus einkaufen und Ihr Team genau nach Ihren Anforderungen zusammenstellen.<\/p>\n\n\n\n<h3 class=\"gb-headline gb-headline-e229a232\"><span class=\"gb-icon\"><svg xmlns=\"http:\/\/www.w3.org\/2000\/svg\" viewbox=\"0 0 512 512\"><path d=\"M0 405.3V448c0 35.3 86 64 192 64s192-28.7 192-64v-42.7C342.7 434.4 267.2 448 192 448S41.3 434.4 0 405.3zM320 128c106 0 192-28.7 192-64S426 0 320 0 128 28.7 128 64s86 64 192 64zM0 300.4V352c0 35.3 86 64 192 64s192-28.7 192-64v-51.6c-41.3 34-116.9 51.6-192 51.6S41.3 334.4 0 300.4zm416 11c57.3-11.1 96-31.7 96-55.4v-42.7c-23.2 16.4-57.3 27.6-96 34.5v63.6zM192 160C86 160 0 195.8 0 240s86 80 192 80 192-35.8 192-80-86-80-192-80zm219.3 56.3c60-10.8 100.7-32 100.7-56.3v-42.7c-35.5 25.1-96.5 38.6-160.7 41.8 29.5 14.3 51.2 33.5 60 57.2z\"><\/path><\/svg><\/span><span class=\"gb-headline-text\">Nehmen Sie an Fantasy-Turnieren teil<\/span><\/h3>\n\n\n\n<p style=\"font-size:15px\">Sobald Sie ein Team aufgebaut haben, k\u00f6nnen Sie an den Fantasy-Turnieren teilnehmen. Das Ziel des Spiels? Gewinnen Sie mehr Karten und Geldpreise.<\/p>\n\n<\/div><\/div><\/div>\n<\/div>\n<\/div><\/div>\n\n\n<div class=\"wp-block-columns is-layout-flex wp-container-16 wp-block-columns-is-layout-flex\">\n<div class=\"wp-block-column is-layout-flow wp-block-column-is-layout-flow\" style=\"flex-basis:50%\">\n<div class=\"wp-block-cover is-light\" style=\"min-height:600px\"><span aria-hidden=\"true\" class=\"wp-block-cover__background has-background-dim-0 has-background-dim\" style=\"background-color:#f6f6f6\"><\/span><div class=\"wp-block-cover__inner-container is-layout-flow wp-block-cover-is-layout-flow\"><div class=\"wp-block-image\">\n<figure class=\"aligncenter size-full\"><img decoding=\"async\" loading=\"lazy\" width=\"514\" height=\"832\" src=\"https:\/\/sorareguide.com\/wp-content\/uploads\/2021\/03\/Beckham-Sorare.png\" alt=\"Beckham Sorare\" class=\"wp-image-7144\" srcset=\"https:\/\/sorareguide.com\/wp-content\/uploads\/2021\/03\/Beckham-Sorare.png 514w, https:\/\/sorareguide.com\/wp-content\/uploads\/2021\/03\/Beckham-Sorare-185x300.png 185w\" sizes=\"(max-width: 514px) 100vw, 514px\" \/><\/figure><\/div><\/div><\/div>\n<\/div>\n\n\n\n<div class=\"wp-block-column is-vertically-aligned-center is-layout-flow wp-block-column-is-layout-flow\" style=\"padding-top:1em;padding-right:1em;padding-bottom:1em;padding-left:1em\">\n<div class=\"wp-block-columns is-layout-flex wp-container-14 wp-block-columns-is-layout-flex\">\n<div class=\"wp-block-column is-layout-flow wp-block-column-is-layout-flow\" style=\"flex-basis:320px\">\n<h4 class=\"gb-headline gb-headline-7524dbe9 gb-headline-text\"><strong>Ist Sorare nur ein weiteres Fantasy-Fu\u00dfballspiel?<\/strong><\/h4>\n\n\n\n<p>Sorare ist so viel mehr als Fantasy Football. W\u00e4hrend ein gro\u00dfer Teil des Spiels darin besteht, an Turnieren teilzunehmen, um Preise wie neue Spieler und Ethereum zu gewinnen, ist der Aspekt des digitalen Sammelns des Spiels gro\u00dfartig.<\/p>\n\n\n\n<p>Zum Beispiel kann diese David Beckham-Karte nicht in Fantasy-Turnieren verwendet werden, aber sie hat einen enormen Sammlerwert. <\/p>\n\n\n\n<p>Man kann ihm einfach nicht ins Gesicht sehen, ohne an <strong>diesen Freisto\u00df<\/strong> 2001 gegen Griechenland erinnert zu werden.<\/p>\n\n\n\n<p><a href=\"https:\/\/sorareguide.com\/de\/sorare-review\/\" data-type=\"post\" data-id=\"5518\">Sorare ist keine Gl\u00fccksspielplattform<\/a> und Sie k\u00f6nnen Ihre Karten ein Leben lang besitzen. Weltstars wie Antoine Griezmann sind live auf dem Markt und beginnen mit dem Aufbau seiner pers\u00f6nlichen Gaming-Sammlung.<\/p>\n<\/div>\n<\/div>\n<\/div>\n<\/div>\n\n<\/div><\/div><div class=\"gb-container gb-container-2f6d3f6f\"><div class=\"gb-inside-container\">\n\n<h3 class=\"gb-headline gb-headline-3b72360a\"><span class=\"gb-icon\"><svg xmlns=\"http:\/\/www.w3.org\/2000\/svg\" viewbox=\"0 0 68.98 38.88\"><path d=\"M15.51 38.88H0L22.45 0h15.51zM46.53 38.88H31.02L53.47 0h15.51z\"><\/path><\/svg><\/span><span class=\"gb-headline-text\">Neueste Artikel<\/span><\/h3>\n\n<\/div><\/div>\n<div class=\"wp-block-query is-layout-flow wp-block-query-is-layout-flow\"><ul class=\"is-flex-container columns-3 wp-block-post-template is-layout-flow wp-block-post-template-is-layout-flow\"><li class=\"wp-block-post post-16966 post type-post status-publish format-standard has-post-thumbnail hentry category-unkategorisiert generate-columns tablet-grid-50 mobile-grid-100 grid-parent grid-50 resize-featured-image\">\n\n<div class=\"wp-block-group is-layout-flow wp-block-group-is-layout-flow\" style=\"padding-top:30px;padding-right:30px;padding-bottom:30px;padding-left:30px\"><div class=\"wp-block-group__inner-container\"><h2 class=\"wp-block-post-title\"><a href=\"https:\/\/sorareguide.com\/de\/sorare-global-cup-2022-kostenloses-spiel-zur-weltmeisterschaft\/\" target=\"_self\">Sorare Global Cup 2022: Kostenloses Spiel zur Weltmeisterschaft<\/a><\/h2>\n\n<div class=\"wp-block-post-excerpt\"><p class=\"wp-block-post-excerpt__excerpt\">Seit einigen Monaten haben die Sorare ihre Pl\u00e4ne f\u00fcr die Weltmeisterschaft bekannt gegeben. Am 10. November 2022 wurde dies bekannt gegeben, und es wurde mit gro\u00dfer Unterst\u00fctzung von Fantasy Football Fans aus der ganzen Welt aufgenommen. Dieses neue Free-to-Play-Spiel wird in derselben Woche ver\u00f6ffentlicht, in der Lionel Messi als Markenbotschafter vorgestellt wurde. Was f\u00fcr eine&hellip; <\/p><\/div>\n\n<div class=\"wp-block-post-date\"><time datetime=\"2022-11-11T21:07:38+01:00\">November 11, 2022<\/time><\/div><\/div><\/div>\n\n<\/li><li class=\"wp-block-post post-16762 post type-post status-publish format-standard has-post-thumbnail hentry category-nba-de generate-columns tablet-grid-50 mobile-grid-100 grid-parent grid-50 resize-featured-image\">\n\n<div class=\"wp-block-group is-layout-flow wp-block-group-is-layout-flow\" style=\"padding-top:30px;padding-right:30px;padding-bottom:30px;padding-left:30px\"><div class=\"wp-block-group__inner-container\"><h2 class=\"wp-block-post-title\"><a href=\"https:\/\/sorareguide.com\/de\/sorare-nba-tutorial-anmeldebonus\/\" target=\"_self\">Sorare NBA: Tutorial &amp; Anmeldebonus<\/a><\/h2>\n\n<div class=\"wp-block-post-excerpt\"><p class=\"wp-block-post-excerpt__excerpt\">M\u00f6chten Sie einen kostenlosen Bonus, wenn Sie sich bei Sorare registrieren? Verwenden Sie diesen Link und wenn Sie 5 Spieler im Sorare-Auktionshaus kaufen, erhalten Sie eine kostenlose Belohnungskarte. Diese Karte ist von &#8222;begrenzter&#8220; Seltenheit und Sie k\u00f6nnen sie f\u00fcr Ihren Aufstieg verwenden oder sie verkaufen. <\/p><\/div>\n\n<div class=\"wp-block-post-date\"><time datetime=\"2022-10-18T21:19:45+01:00\">Oktober 18, 2022<\/time><\/div><\/div><\/div>\n\n<\/li><li class=\"wp-block-post post-14172 post type-post status-publish format-standard hentry category-anfanger-guides category-beginner-guides generate-columns tablet-grid-50 mobile-grid-100 grid-parent grid-50\">\n\n<div class=\"wp-block-group is-layout-flow wp-block-group-is-layout-flow\" style=\"padding-top:30px;padding-right:30px;padding-bottom:30px;padding-left:30px\"><div class=\"wp-block-group__inner-container\"><h2 class=\"wp-block-post-title\"><a href=\"https:\/\/sorareguide.com\/de\/sorare-data\/\" target=\"_self\">Sorare Data: Wie man sie verwendet<\/a><\/h2>\n\n<div class=\"wp-block-post-excerpt\"><p class=\"wp-block-post-excerpt__excerpt\">Wenn Sie bei den Sorare-Fantasieturnieren erfolgreich sein wollen, sollten Sie Ihre Teams nicht blindlings zusammenstellen. Zum Gl\u00fcck gibt es ein Analysetool namens Sorare Data, das all diese Informationen kostenlos zur Verf\u00fcgung stellt. Heute werde ich Ihnen genau erkl\u00e4ren, wie Sie dieses Instrument nutzen k\u00f6nnen, um zu gewinnen. Es handelt sich nicht um einen Betrugscode, sondern&hellip; <\/p><\/div>\n\n<div class=\"wp-block-post-date\"><time datetime=\"2022-07-04T15:25:32+01:00\">Juli 4, 2022<\/time><\/div><\/div><\/div>\n\n<\/li><li class=\"wp-block-post post-13687 post type-post status-publish format-standard has-post-thumbnail hentry category-platform-update generate-columns tablet-grid-50 mobile-grid-100 grid-parent grid-50 resize-featured-image\">\n\n<div class=\"wp-block-group is-layout-flow wp-block-group-is-layout-flow\" style=\"padding-top:30px;padding-right:30px;padding-bottom:30px;padding-left:30px\"><div class=\"wp-block-group__inner-container\"><h2 class=\"wp-block-post-title\"><a href=\"https:\/\/sorareguide.com\/de\/kylian-mbappe-markenbotschafter-sorare\/\" target=\"_self\">Kylian Mbappe wird Markenbotschafter f\u00fcr Sorare<\/a><\/h2>\n\n<div class=\"wp-block-post-excerpt\"><p class=\"wp-block-post-excerpt__excerpt\">In der letzten Woche gab es einige gro\u00dfe Ver\u00e4nderungen, als einige der Elite-Fu\u00dfballstars Vertr\u00e4ge mit NFT-Unternehmen unterzeichneten. Bis jetzt haben wir gesehen: Cristiano Ronaldo arbeitet mit Binance zusammen und produziert ikonische St\u00fccke der Sportgeschichte. Lionel Messi hat sich mit Ethernity zusammengetan, um NFTs zu produzieren, die als &#8218;The Messiverse&#8216; bekannt sind. Am meisten freuen wir&hellip; <\/p><\/div>\n\n<div class=\"wp-block-post-date\"><time datetime=\"2022-06-30T07:45:45+01:00\">Juni 30, 2022<\/time><\/div><\/div><\/div>\n\n<\/li><li class=\"wp-block-post post-13695 post type-post status-publish format-standard has-post-thumbnail hentry category-platform-update generate-columns tablet-grid-50 mobile-grid-100 grid-parent grid-50 resize-featured-image\">\n\n<div class=\"wp-block-group is-layout-flow wp-block-group-is-layout-flow\" style=\"padding-top:30px;padding-right:30px;padding-bottom:30px;padding-left:30px\"><div class=\"wp-block-group__inner-container\"><h2 class=\"wp-block-post-title\"><a href=\"https:\/\/sorareguide.com\/de\/sorare-akademie-neue-turniere\/\" target=\"_self\">Sorare Akademie: Neue Turniere<\/a><\/h2>\n\n<div class=\"wp-block-post-excerpt\"><p class=\"wp-block-post-excerpt__excerpt\">Ich werde der Erste sein, der zugibt, dass Sorare alle seine Manager mit der Ank\u00fcndigung der Sorare Academy schockiert hat. Schon seit geraumer Zeit wurden uns einige Dinge in Bezug auf Fortschrittsbalken, verschiedene Spielmodi und sogar weitere Ligen, die der Plattform beitreten, angek\u00fcndigt. Heute werden wir Ihnen jedoch genau erkl\u00e4ren, was die Sorare-Akademie ist und&hellip; <\/p><\/div>\n\n<div class=\"wp-block-post-date\"><time datetime=\"2022-06-29T19:52:07+01:00\">Juni 29, 2022<\/time><\/div><\/div><\/div>\n\n<\/li><li class=\"wp-block-post post-14266 post type-post status-publish format-standard has-post-thumbnail hentry category-scout-berichte generate-columns tablet-grid-50 mobile-grid-100 grid-parent grid-50 resize-featured-image\">\n\n<div class=\"wp-block-group is-layout-flow wp-block-group-is-layout-flow\" style=\"padding-top:30px;padding-right:30px;padding-bottom:30px;padding-left:30px\"><div class=\"wp-block-group__inner-container\"><h2 class=\"wp-block-post-title\"><a href=\"https:\/\/sorareguide.com\/de\/youssoufa-moukoko-scout-report\/\" target=\"_self\">Youssoufa Moukoko Analyse des Scout Reports: Ersatz f\u00fcr Haaland?<\/a><\/h2>\n\n<div class=\"wp-block-post-excerpt\"><p class=\"wp-block-post-excerpt__excerpt\">Youssoufa Moukoko Pfadfinderbericht Eine M\u00f6glichkeit, Sorare zu spielen, besteht darin, dein Wissen \u00fcber Jugendtalente zu nutzen, indem du alle Karten kaufst, wenn sie &#8222;Rookies&#8220; sind, und sie entweder in den Turnieren einsetzt oder sie f\u00fcr einen gesunden Gewinn verkaufst. Das Problem, das wir bei einigen Spielern feststellen, ist, dass sie schon in jungen Jahren gehyped&hellip; <\/p><\/div>\n\n<div class=\"wp-block-post-date\"><time datetime=\"2022-06-23T14:20:04+01:00\">Juni 23, 2022<\/time><\/div><\/div><\/div>\n\n<\/li><\/ul><\/div>\n","protected":false},"excerpt":{"rendered":"<p>\u00dcber Sorare Sorare ist ein globales Fantasy-Fu\u00dfballspiel, bei dem Sie offiziell lizenzierte digitale Karten sammeln k\u00f6nnen. Mit den jede Woche angebotenen Preisen sind Sie motiviert, Ihre Sammlung kontinuierlich zu erweitern. Sorare wird von einem riesigen Team von Investoren wie Rio Ferdinand, Andre Schurrle und Antoine Griezmann unterst\u00fctzt. Sie haben auch Leute wie Ubisoft angezogen. Es &#8230; <a title=\"Heim\" class=\"read-more\" href=\"https:\/\/sorareguide.com\/de\/\" aria-label=\"Mehr zu Heim\">Weiterlesen &#8230;<\/a><\/p>\n","protected":false},"author":8,"featured_media":0,"parent":0,"menu_order":0,"comment_status":"closed","ping_status":"closed","template":"","meta":{"footnotes":""},"_links":{"self":[{"href":"https:\/\/sorareguide.com\/de\/wp-json\/wp\/v2\/pages\/12584"}],"collection":[{"href":"https:\/\/sorareguide.com\/de\/wp-json\/wp\/v2\/pages"}],"about":[{"href":"https:\/\/sorareguide.com\/de\/wp-json\/wp\/v2\/types\/page"}],"author":[{"embeddable":true,"href":"https:\/\/sorareguide.com\/de\/wp-json\/wp\/v2\/users\/8"}],"replies":[{"embeddable":true,"href":"https:\/\/sorareguide.com\/de\/wp-json\/wp\/v2\/comments?post=12584"}],"version-history":[{"count":1,"href":"https:\/\/sorareguide.com\/de\/wp-json\/wp\/v2\/pages\/12584\/revisions"}],"predecessor-version":[{"id":12585,"href":"https:\/\/sorareguide.com\/de\/wp-json\/wp\/v2\/pages\/12584\/revisions\/12585"}],"wp:attachment":[{"href":"https:\/\/sorareguide.com\/de\/wp-json\/wp\/v2\/media?parent=12584"}],"curies":[{"name":"wp","href":"https:\/\/api.w.org\/{rel}","templated":true}]}}