{"id":12586,"date":"2020-09-26T15:45:58","date_gmt":"2020-09-26T14:45:58","guid":{"rendered":"https:\/\/sorareguide.com\/casa\/"},"modified":"2022-06-20T20:40:40","modified_gmt":"2022-06-20T20:40:40","slug":"casa","status":"publish","type":"page","link":"https:\/\/sorareguide.com\/es\/","title":{"rendered":"Casa"},"content":{"rendered":"<div class=\"gb-container gb-container-6988789f\"><div class=\"gb-inside-container\">\n<div class=\"gb-grid-wrapper gb-grid-wrapper-85de27a8\">\n<div class=\"gb-grid-column gb-grid-column-7581e29c\"><div class=\"gb-container gb-container-7581e29c\"><div class=\"gb-inside-container\">\n\n<h1 class=\"gb-headline gb-headline-7fb735cd gb-headline-text\">Sorare es un juego de f\u00fatbol de fantas\u00eda. En Sorare Guide, brindamos <mark class=\"gb-highlight\">consejos, gu\u00edas y asistencia<\/mark> para ayudarlo a ganar.<\/h1>\n\n<\/div><\/div><\/div>\n<\/div>\n<\/div><\/div><div class=\"gb-container gb-container-3d5d5356\"><div class=\"gb-inside-container\">\n<div class=\"gb-grid-wrapper gb-grid-wrapper-ce209d0e\">\n<div class=\"gb-grid-column gb-grid-column-ed07c45b\"><div class=\"gb-container gb-container-ed07c45b\"><div class=\"gb-inside-container\">\n\n<h2 class=\"gb-headline gb-headline-8147db57 gb-headline-text\">No te pierdas tu Bono Exclusivo<\/h2>\n\n\n\n<p>Al usar nuestro enlace, recibir\u00e1 una tarjeta limitada gratuita cuando compre 5 tarjetas de la subasta. \u00bfA qui\u00e9n <em><strong>ganar\u00e1s<\/strong><\/em> ?<\/p>\n\n<\/div><\/div><\/div>\n\n<div class=\"gb-grid-column gb-grid-column-0a224e83\"><div class=\"gb-container gb-container-0a224e83\"><div class=\"gb-inside-container\">\n\n<div class=\"wp-block-buttons is-layout-flex wp-block-buttons-is-layout-flex\">\n<div class=\"wp-block-button\"><a class=\"wp-block-button__link\" href=\"https:\/\/sorareguide.com\/free-cards\">Obtenga su tarjeta gratis AHORA<\/a><\/div>\n<\/div>\n\n<\/div><\/div><\/div>\n<\/div>\n<\/div><\/div><div class=\"gb-container gb-container-2992f866\"><div class=\"gb-inside-container\">\n\n<h3 class=\"gb-headline gb-headline-df16c429\"><span class=\"gb-icon\"><svg xmlns=\"http:\/\/www.w3.org\/2000\/svg\" viewbox=\"0 0 68.98 38.88\"><path d=\"M15.51 38.88H0L22.45 0h15.51zM46.53 38.88H31.02L53.47 0h15.51z\"><\/path><\/svg><\/span><span class=\"gb-headline-text\">Sobre Sorare<\/span><\/h3>\n\n\n\n<div style=\"height:14px\" aria-hidden=\"true\" class=\"wp-block-spacer\"><\/div>\n\n\n\n<p>Sorare es un juego de f\u00fatbol de fantas\u00eda global que te permite coleccionar tarjetas digitales con licencia oficial. Con los premios que se <a class=\"wpil_keyword_link \" href=\"https:\/\/sorareguide.com\/es\/revision-de-sorare\/\" title=\"oferta\" data-wpil-keyword-link=\"linked\">ofrecen<\/a> cada semana, est\u00e1 motivado para aumentar continuamente su colecci\u00f3n.<\/p>\n\n\n\n<p>Sorare cuenta con el respaldo de un gran equipo de inversores como Rio Ferdinand, Andre Schurrle y Antoine Griezmann. Tambi\u00e9n han atra\u00eddo a gente como Ubisoft.<\/p>\n\n\n\n<p>Es un juego de Fantasy Football basado en Blockchain, espec\u00edficamente Ethereum (ETH). Es un concepto nuevo, pero nuestro objetivo es ofrecerle recursos e informaci\u00f3n gratuitos para aumentar sus posibilidades de ganar los torneos. <strong>Es un h\u00edbrido de coleccionismo digital y juegos de fantas\u00eda. <\/strong>Consigue tu Tarjeta Gratis al comprar 5 Tarjetas.<\/p>\n\n\n<div class=\"gb-grid-wrapper gb-grid-wrapper-126af6dc\">\n<div class=\"gb-grid-column gb-grid-column-b910f0a6\"><div class=\"gb-container gb-container-b910f0a6\"><div class=\"gb-inside-container\">\n\n<figure class=\"wp-block-image size-full is-resized\"><img decoding=\"async\" loading=\"lazy\" src=\"https:\/\/learnretailarbitrage.com\/wp-content\/uploads\/2021\/06\/cryptography.svg\" alt=\"Criptograf&#xED;a\" class=\"wp-image-1412\" width=\"473\" height=\"468\"\/><\/figure>\n\n<\/div><\/div><\/div>\n\n<div class=\"gb-grid-column gb-grid-column-32e1430d\"><div class=\"gb-container gb-container-32e1430d\"><div class=\"gb-inside-container\">\n\n<h2 class=\"gb-headline gb-headline-c6416161\"><span class=\"gb-icon\"><svg xmlns=\"http:\/\/www.w3.org\/2000\/svg\" viewbox=\"0 0 80 42\" data-name=\"subtract\"><path d=\"M0 20.06h80v1.87H0z\"><\/path><\/svg><\/span><span class=\"gb-headline-text\">Pon a prueba tus conocimientos de f\u00fatbol y compite con otros entrenadores en competiciones de f\u00fatbol de fantas\u00eda<\/span><\/h2>\n\n\n\n<h2 class=\"gb-headline gb-headline-fcccb11c gb-headline-text\">\u00bfQu\u00e9 es Sorare?<\/h2>\n\n\n\n<p>Sorare es un juego de f\u00fatbol de fantas\u00eda en el que eres el <strong>due\u00f1o<\/strong> de los jugadores que quieres en tu equipo. Partiendo de la nada, los gerentes construyen sus galer\u00edas para competir con otros gerentes. Los premios son en efectivo, adem\u00e1s de m\u00e1s tarjetas de recompensa. <\/p>\n\n\n\n<p class=\"gb-headline gb-headline-7196996c\"><span class=\"gb-icon\"><svg xmlns=\"http:\/\/www.w3.org\/2000\/svg\" aria-hidden=\"true\" role=\"img\" height=\"1em\" width=\"1em\" viewbox=\"0 0 256 512\"><path fill=\"currentColor\" d=\"M224.3 273l-136 136c-9.4 9.4-24.6 9.4-33.9 0l-22.6-22.6c-9.4-9.4-9.4-24.6 0-33.9l96.4-96.4-96.4-96.4c-9.4-9.4-9.4-24.6 0-33.9L54.3 103c9.4-9.4 24.6-9.4 33.9 0l136 136c9.5 9.4 9.5 24.6.1 34z\"><\/path><\/svg><\/span><span class=\"gb-headline-text\"><strong>Compre nuevos fichajes en la casa de subastas o negocie con otros gerentes para obtener un trato econ\u00f3mico.<\/strong><\/span><\/p>\n\n\n\n<p class=\"gb-headline gb-headline-d590db48\"><span class=\"gb-icon\"><svg xmlns=\"http:\/\/www.w3.org\/2000\/svg\" aria-hidden=\"true\" role=\"img\" height=\"1em\" width=\"1em\" viewbox=\"0 0 256 512\"><path fill=\"currentColor\" d=\"M224.3 273l-136 136c-9.4 9.4-24.6 9.4-33.9 0l-22.6-22.6c-9.4-9.4-9.4-24.6 0-33.9l96.4-96.4-96.4-96.4c-9.4-9.4-9.4-24.6 0-33.9L54.3 103c9.4-9.4 24.6-9.4 33.9 0l136 136c9.5 9.4 9.5 24.6.1 34z\"><\/path><\/svg><\/span><span class=\"gb-headline-text\"><strong>Ingrese sus alineaciones en los torneos de f\u00fatbol de fantas\u00eda para obtener los derechos de fanfarronear definitivos. Las recompensas son ilimitadas.<\/strong><\/span><\/p>\n\n\n\n<p class=\"gb-headline gb-headline-816b4cd6\"><span class=\"gb-icon\"><svg xmlns=\"http:\/\/www.w3.org\/2000\/svg\" aria-hidden=\"true\" role=\"img\" height=\"1em\" width=\"1em\" viewbox=\"0 0 256 512\"><path fill=\"currentColor\" d=\"M224.3 273l-136 136c-9.4 9.4-24.6 9.4-33.9 0l-22.6-22.6c-9.4-9.4-9.4-24.6 0-33.9l96.4-96.4-96.4-96.4c-9.4-9.4-9.4-24.6 0-33.9L54.3 103c9.4-9.4 24.6-9.4 33.9 0l136 136c9.5 9.4 9.5 24.6.1 34z\"><\/path><\/svg><\/span><span class=\"gb-headline-text\"><strong>Usted posee f\u00edsicamente las tarjetas en la cadena de bloques, lo que le otorga derechos personales sobre esa tarjeta. <\/strong><\/span><\/p>\n\n\n<div class=\"gb-button-wrapper gb-button-wrapper-a652e291\">\n\n<a class=\"gb-button gb-button-90d458f8 gb-button-text\" href=\"https:\/\/sorareguide.com\/free-cards\" target=\"_blank\" rel=\"noopener noreferrer\">Obtenga una tarjeta limitada gratis: cuando compre 5 de la subasta<\/a>\n\n<\/div>\n<\/div><\/div><\/div>\n<\/div>\n\n\n<p><a href=\"https:\/\/sorareguide.com\/free-cards\"><\/a><\/p>\n\n<\/div><\/div><div class=\"gb-container gb-container-3c1b3cef\"><div class=\"gb-inside-container\">\n\n<h4 class=\"gb-headline gb-headline-32365078\"><span class=\"gb-icon\"><svg xmlns=\"http:\/\/www.w3.org\/2000\/svg\" viewbox=\"0 0 40 28\"><path d=\"M30.6 28c-5.2 0-9.4-4.2-9.4-9.4C21.2 8 25.5 1 25.7.7l.5-.7H33l-.6 2C31.9 3.9 31 7.4 31 8.6v.6c2.4.1 4.6 1.1 6.3 2.8 1.7 1.8 2.7 4.1 2.7 6.6 0 5.2-4.2 9.4-9.4 9.4zM27.9 3.1c-1 2-3.6 7.7-3.6 15.5 0 3.4 2.8 6.2 6.2 6.2s6.2-2.8 6.2-6.2-2.7-6.2-6.1-6.2h-.1c-1.4 0-2-.7-2.4-1.3-.4-.7-.4-1.5-.4-2.4 0-1.2.6-3.7 1-5.5l-.8-.1zm2.7 6.1zM9.4 28C4.2 28 0 23.8 0 18.6 0 8 4.3 1 4.5.7l.4-.7h6.8l-.6 2c-.6 1.9-1.4 5.5-1.4 6.6v.6c2.4.1 4.6 1.1 6.3 2.8 1.7 1.8 2.7 4.1 2.7 6.6 0 5.2-4.2 9.4-9.3 9.4zM6.7 3.1c-1 2-3.6 7.7-3.6 15.5 0 3.4 2.8 6.2 6.2 6.2s6.2-2.8 6.2-6.2-2.7-6.2-6.1-6.2c-1.4 0-2-.7-2.4-1.3-.4-.7-.4-1.5-.4-2.4 0-1.2.6-3.7 1-5.5l-.9-.1zm2.7 6.1z\"><\/path><\/svg><\/span><span class=\"gb-headline-text\">DUE\u00d1O DE SU JUEGO.<\/span><\/h4>\n\n\n\n<div class=\"wp-block-columns has-text-color has-background is-layout-flex wp-container-6 wp-block-columns-is-layout-flex\" style=\"background-color:#ffffff;color:#000000\">\n<div class=\"wp-block-column is-layout-flow wp-block-column-is-layout-flow\">\n<h3 class=\"wp-block-heading\" style=\"font-size:24px;line-height:1.3\"><strong>Cientos de clubes con licencia<\/strong><\/h3>\n\n\n\n<p>Compre NFT coleccionables de m\u00e1s de 120 clubes de todo el mundo. Cada mes se agregan m\u00e1s clubes.<\/p>\n<\/div>\n\n\n\n<div class=\"wp-block-column is-layout-flow wp-block-column-is-layout-flow\">\n<h3 class=\"wp-block-heading\" style=\"font-size:24px;line-height:1.3\"><strong>Potencial de exploraci\u00f3n<\/strong><\/h3>\n\n\n\n<p>Puede &#8216;ver&#8217; a sus jugadores favoritos, para recibir una alerta cuando se agregue uno nuevo al mercado de transferencias.<\/p>\n<\/div>\n\n\n\n<div class=\"wp-block-column is-layout-flow wp-block-column-is-layout-flow\">\n<h3 class=\"wp-block-heading\" style=\"font-size:24px;line-height:1.3\"><strong>M\u00faltiples ligas de f\u00fatbol<\/strong><\/h3>\n\n\n\n<p>Con m\u00e1s de 20 ligas cubiertas, puedes explorar globalmente y encontrar a los mejores jugadores disponibles.<\/p>\n<\/div>\n<\/div>\n\n\n<div class=\"wp-block-image\">\n<figure class=\"aligncenter size-full is-resized\"><img decoding=\"async\" loading=\"lazy\" src=\"https:\/\/sorareguide.com\/wp-content\/uploads\/2021\/03\/Mbappe-Sorare-Card.png\" alt=\"Mbapp&#xE9; Sorare\" class=\"wp-image-7139\" width=\"335\" height=\"542\" srcset=\"https:\/\/sorareguide.com\/wp-content\/uploads\/2021\/03\/Mbappe-Sorare-Card.png 514w, https:\/\/sorareguide.com\/wp-content\/uploads\/2021\/03\/Mbappe-Sorare-Card-185x300.png 185w\" sizes=\"(max-width: 335px) 100vw, 335px\" \/><\/figure><\/div>\n\n\n<div class=\"wp-block-columns has-text-color has-background is-layout-flex wp-container-10 wp-block-columns-is-layout-flex\" style=\"background-color:#ffffff;color:#000000\">\n<div class=\"wp-block-column is-layout-flow wp-block-column-is-layout-flow\">\n<h3 class=\"wp-block-heading\" style=\"font-size:24px;line-height:1.3\"><strong><a href=\"http:\/\/wordpress.org\" target=\"_blank\">Construye tu colecci\u00f3n<\/a><\/strong><\/h3>\n\n\n\n<p>Tus Tarjetas Digitales nunca caducan. Puedes concentrarte en crear una colecci\u00f3n de los mejores jugadores del mundo.<\/p>\n<\/div>\n\n\n\n<div class=\"wp-block-column is-layout-flow wp-block-column-is-layout-flow\">\n<h3 class=\"wp-block-heading\" style=\"font-size:24px;line-height:1.3\"><strong>Dise\u00f1o impecable<\/strong><\/h3>\n\n\n\n<p>Las tarjetas virtuales son hermosas, al igual que esta tarjeta de edici\u00f3n limitada Mbappe PSG 50th Anniversary.<\/p>\n<\/div>\n\n\n\n<div class=\"wp-block-column is-layout-flow wp-block-column-is-layout-flow\">\n<h3 class=\"wp-block-heading\" style=\"font-size:24px;line-height:1.3\"><strong>Variedad de Torneos<\/strong><\/h3>\n\n\n\n<p>\u00a1Ya hay <strong>muchos<\/strong> comerciantes que se niegan a hacer apuestas con corredores de apuestas, despu\u00e9s de ver lo bueno que es Football Index!<\/p>\n\n\n\n<p><a href=\"https:\/\/sorareguide.com\/free-cards\"><\/a><\/p>\n<\/div>\n<\/div>\n\n\n<div class=\"gb-container gb-container-91b231bf\"><div class=\"gb-inside-container\">\n<div class=\"gb-grid-wrapper gb-grid-wrapper-409ddfb8\">\n<div class=\"gb-grid-column gb-grid-column-a955004c\"><div class=\"gb-container gb-container-a955004c\"><div class=\"gb-inside-container\">\n\n<h2 class=\"gb-headline gb-headline-539c30d5\"><span class=\"gb-icon\"><svg xmlns=\"http:\/\/www.w3.org\/2000\/svg\" viewbox=\"0 0 80 42\" data-name=\"subtract\"><path d=\"M0 20.06h80v1.87H0z\"><\/path><\/svg><\/span><span class=\"gb-headline-text\">Empieza a jugar hoy<\/span><\/h2>\n\n\n\n<h2 class=\"gb-headline gb-headline-a163fdff gb-headline-text\">C\u00f3mo empezar<\/h2>\n\n\n\n<p>Lo primero que debe hacer es considerar usar un enlace de referencia. Esto le permitir\u00e1 recibir 1 Tarjeta Limitada Gratis, cuando compre 5 de la subasta.<\/p>\n\n\n\n<p>Incluso puedes empezar a jugar en las ligas comunes Free to Play.<\/p>\n\n\n<div class=\"gb-button-wrapper gb-button-wrapper-6b012d52\">\n\n<a class=\"gb-button gb-button-a589c2b2 gb-button-text\" href=\"https:\/\/sorareguide.com\/free-cards\" target=\"_blank\" rel=\"noopener noreferrer\">Obtenga su tarjeta limitada gratis<\/a>\n\n<\/div>\n<\/div><\/div><\/div>\n\n<div class=\"gb-grid-column gb-grid-column-31111a3b\"><div class=\"gb-container gb-container-31111a3b\"><div class=\"gb-inside-container\">\n\n<h3 class=\"gb-headline gb-headline-42ddb2c0\"><span class=\"gb-icon\"><svg xmlns=\"http:\/\/www.w3.org\/2000\/svg\" viewbox=\"0 0 384 512\"><path d=\"M384 112v352c0 26.51-21.49 48-48 48H48c-26.51 0-48-21.49-48-48V112c0-26.51 21.49-48 48-48h80c0-35.29 28.71-64 64-64s64 28.71 64 64h80c26.51 0 48 21.49 48 48zM192 40c-13.255 0-24 10.745-24 24s10.745 24 24 24 24-10.745 24-24-10.745-24-24-24m96 114v-20a6 6 0 00-6-6H102a6 6 0 00-6 6v20a6 6 0 006 6h180a6 6 0 006-6z\"><\/path><\/svg><\/span><span class=\"gb-headline-text\">Reg\u00edstrese para su cuenta<\/span><\/h3>\n\n\n\n<p style=\"font-size:15px\">Complete el proceso de registro y elija el nombre de su club, logotipo, etc.<\/p>\n\n\n\n<h3 class=\"gb-headline gb-headline-685d1b62\"><span class=\"gb-icon\"><svg xmlns=\"http:\/\/www.w3.org\/2000\/svg\" viewbox=\"0 0 512 512\"><path d=\"M461.2 128H80c-8.84 0-16-7.16-16-16s7.16-16 16-16h384c8.84 0 16-7.16 16-16 0-26.51-21.49-48-48-48H64C28.65 32 0 60.65 0 96v320c0 35.35 28.65 64 64 64h397.2c28.02 0 50.8-21.53 50.8-48V176c0-26.47-22.78-48-50.8-48zM416 336c-17.67 0-32-14.33-32-32s14.33-32 32-32 32 14.33 32 32-14.33 32-32 32z\"><\/path><\/svg><\/span><span class=\"gb-headline-text\">Revela tus primeras cartas<\/span><\/h3>\n\n\n\n<p style=\"font-size:15px\">Sus Tarjetas comunes se entregar\u00e1n a trav\u00e9s de un &#8216;Paquete de recompensas&#8217;. Despu\u00e9s de este punto, podr\u00e1 comprar directamente en la casa de subastas y crear su equipo seg\u00fan sus requisitos exactos.<\/p>\n\n\n\n<h3 class=\"gb-headline gb-headline-e229a232\"><span class=\"gb-icon\"><svg xmlns=\"http:\/\/www.w3.org\/2000\/svg\" viewbox=\"0 0 512 512\"><path d=\"M0 405.3V448c0 35.3 86 64 192 64s192-28.7 192-64v-42.7C342.7 434.4 267.2 448 192 448S41.3 434.4 0 405.3zM320 128c106 0 192-28.7 192-64S426 0 320 0 128 28.7 128 64s86 64 192 64zM0 300.4V352c0 35.3 86 64 192 64s192-28.7 192-64v-51.6c-41.3 34-116.9 51.6-192 51.6S41.3 334.4 0 300.4zm416 11c57.3-11.1 96-31.7 96-55.4v-42.7c-23.2 16.4-57.3 27.6-96 34.5v63.6zM192 160C86 160 0 195.8 0 240s86 80 192 80 192-35.8 192-80-86-80-192-80zm219.3 56.3c60-10.8 100.7-32 100.7-56.3v-42.7c-35.5 25.1-96.5 38.6-160.7 41.8 29.5 14.3 51.2 33.5 60 57.2z\"><\/path><\/svg><\/span><span class=\"gb-headline-text\">Participa en Torneos de Fantas\u00eda<\/span><\/h3>\n\n\n\n<p style=\"font-size:15px\">Una vez que haya creado un equipo, puede participar en los Torneos de fantas\u00eda. \u00bfEl objetivo del juego? Gana m\u00e1s tarjetas y premios en efectivo.<\/p>\n\n<\/div><\/div><\/div>\n<\/div>\n<\/div><\/div>\n\n\n<div class=\"wp-block-columns is-layout-flex wp-container-16 wp-block-columns-is-layout-flex\">\n<div class=\"wp-block-column is-layout-flow wp-block-column-is-layout-flow\" style=\"flex-basis:50%\">\n<div class=\"wp-block-cover is-light\" style=\"min-height:600px\"><span aria-hidden=\"true\" class=\"wp-block-cover__background has-background-dim-0 has-background-dim\" style=\"background-color:#f6f6f6\"><\/span><div class=\"wp-block-cover__inner-container is-layout-flow wp-block-cover-is-layout-flow\"><div class=\"wp-block-image\">\n<figure class=\"aligncenter size-full\"><img decoding=\"async\" loading=\"lazy\" width=\"514\" height=\"832\" src=\"https:\/\/sorareguide.com\/wp-content\/uploads\/2021\/03\/Beckham-Sorare.png\" alt=\"beckham sorare\" class=\"wp-image-7144\" srcset=\"https:\/\/sorareguide.com\/wp-content\/uploads\/2021\/03\/Beckham-Sorare.png 514w, https:\/\/sorareguide.com\/wp-content\/uploads\/2021\/03\/Beckham-Sorare-185x300.png 185w\" sizes=\"(max-width: 514px) 100vw, 514px\" \/><\/figure><\/div><\/div><\/div>\n<\/div>\n\n\n\n<div class=\"wp-block-column is-vertically-aligned-center is-layout-flow wp-block-column-is-layout-flow\" style=\"padding-top:1em;padding-right:1em;padding-bottom:1em;padding-left:1em\">\n<div class=\"wp-block-columns is-layout-flex wp-container-14 wp-block-columns-is-layout-flex\">\n<div class=\"wp-block-column is-layout-flow wp-block-column-is-layout-flow\" style=\"flex-basis:320px\">\n<h4 class=\"gb-headline gb-headline-7524dbe9 gb-headline-text\"><strong>\u00bfEs Sorare solo otro juego de f\u00fatbol de fantas\u00eda?<\/strong><\/h4>\n\n\n\n<p>Sorare es mucho m\u00e1s que Fantasy Football. Si bien una gran parte del juego consiste en participar en torneos para ganar premios, como nuevos jugadores y Ethereum&#8230; el aspecto de coleccionable digital del juego es excelente.<\/p>\n\n\n\n<p>Por ejemplo, esta tarjeta de David Beckham no se puede usar en torneos de fantas\u00eda, pero tiene un gran valor coleccionable. <\/p>\n\n\n\n<p>Simplemente no puedes mirar su cara sin recordar <strong>ese tiro libre<\/strong> contra Grecia en 2001.<\/p>\n\n\n\n<p><a href=\"https:\/\/sorareguide.com\/es\/revision-de-sorare\/\" data-type=\"post\" data-id=\"5518\">Sorare no es una plataforma de apuestas<\/a> y puede tener sus tarjetas de por vida. Estrellas globales como Antoine Griezmann est\u00e1n en vivo en el mercado, comenzando a construir su colecci\u00f3n personal de juegos.<\/p>\n<\/div>\n<\/div>\n<\/div>\n<\/div>\n\n<\/div><\/div><div class=\"gb-container gb-container-2f6d3f6f\"><div class=\"gb-inside-container\">\n\n<h3 class=\"gb-headline gb-headline-3b72360a\"><span class=\"gb-icon\"><svg xmlns=\"http:\/\/www.w3.org\/2000\/svg\" viewbox=\"0 0 68.98 38.88\"><path d=\"M15.51 38.88H0L22.45 0h15.51zM46.53 38.88H31.02L53.47 0h15.51z\"><\/path><\/svg><\/span><span class=\"gb-headline-text\">\u00faltimos art\u00edculos<\/span><\/h3>\n\n<\/div><\/div>\n<div class=\"wp-block-query is-layout-flow wp-block-query-is-layout-flow\"><ul class=\"is-flex-container columns-3 wp-block-post-template is-layout-flow wp-block-post-template-is-layout-flow\"><li class=\"wp-block-post post-16963 post type-post status-publish format-standard has-post-thumbnail hentry category-sin-categorizar generate-columns tablet-grid-50 mobile-grid-100 grid-parent grid-50 resize-featured-image\">\n\n<div class=\"wp-block-group is-layout-flow wp-block-group-is-layout-flow\" style=\"padding-top:30px;padding-right:30px;padding-bottom:30px;padding-left:30px\"><div class=\"wp-block-group__inner-container\"><h2 class=\"wp-block-post-title\"><a href=\"https:\/\/sorareguide.com\/es\/sorare-global-cup-2022-juego-gratuito-de-la-copa-del-mundo\/\" target=\"_self\">Sorare Global Cup 2022: Juego gratuito de la Copa del Mundo<\/a><\/h2>\n\n<div class=\"wp-block-post-excerpt\"><p class=\"wp-block-post-excerpt__excerpt\">Desde hace unos meses, Sorare viene anunciando sus planes para el Mundial. El 10 de noviembre de 2022 se anunci\u00f3 y fue recibido con gran apoyo por parte de los aficionados al Fantasy Football de todo el mundo. Este nuevo juego Free to Play sale a la venta la misma semana en que Lionel Messi&hellip; <\/p><\/div>\n\n<div class=\"wp-block-post-date\"><time datetime=\"2022-11-11T21:07:38+01:00\">noviembre 11, 2022<\/time><\/div><\/div><\/div>\n\n<\/li><li class=\"wp-block-post post-15629 post type-post status-publish format-standard hentry category-beginner-guides category-guias-para-principiantes generate-columns tablet-grid-50 mobile-grid-100 grid-parent grid-50\">\n\n<div class=\"wp-block-group is-layout-flow wp-block-group-is-layout-flow\" style=\"padding-top:30px;padding-right:30px;padding-bottom:30px;padding-left:30px\"><div class=\"wp-block-group__inner-container\"><h2 class=\"wp-block-post-title\"><a href=\"https:\/\/sorareguide.com\/es\/datos-de-sorare-como-utilizarlos\/\" target=\"_self\">Datos de Sorare: C\u00f3mo utilizarlos<\/a><\/h2>\n\n<div class=\"wp-block-post-excerpt\"><p class=\"wp-block-post-excerpt__excerpt\">Si quieres tener \u00e9xito en los torneos fant\u00e1sticos de Sorare, debes evitar elegir tus equipos a ciegas. Afortunadamente, existe una herramienta de an\u00e1lisis llamada Sorare Data, que proporciona toda esta informaci\u00f3n de forma totalmente gratuita. Hoy te explicar\u00e9 exactamente c\u00f3mo puedes utilizar esta herramienta para ayudarte a ganar. No es un c\u00f3digo trampa, es un&hellip; <\/p><\/div>\n\n<div class=\"wp-block-post-date\"><time datetime=\"2022-07-04T15:25:32+01:00\">julio 4, 2022<\/time><\/div><\/div><\/div>\n\n<\/li><li class=\"wp-block-post post-12531 post type-post status-publish format-standard has-post-thumbnail hentry category-guias-para-principiantes generate-columns tablet-grid-50 mobile-grid-100 grid-parent grid-50 resize-featured-image\">\n\n<div class=\"wp-block-group is-layout-flow wp-block-group-is-layout-flow\" style=\"padding-top:30px;padding-right:30px;padding-bottom:30px;padding-left:30px\"><div class=\"wp-block-group__inner-container\"><h2 class=\"wp-block-post-title\"><a href=\"https:\/\/sorareguide.com\/es\/consejos-y-trucos-de-sorare-para-principiantes\/\" target=\"_self\">Consejos y trucos de Sorare para principiantes<\/a><\/h2>\n\n<div class=\"wp-block-post-excerpt\"><p class=\"wp-block-post-excerpt__excerpt\">Cuando los nuevos gerentes comienzan a jugar Sorare, no es raro que se comuniquen para solicitar ayuda. Hay algunas razones para esto, y es la raz\u00f3n por la que cre\u00e9 el art\u00edculo anterior. Como Sorare es una plataforma completamente \u00fanica, lleva tiempo aprender c\u00f3mo funciona la plataforma. Para ayudar a que el proceso sea un&hellip; <\/p><\/div>\n\n<div class=\"wp-block-post-date\"><time datetime=\"2022-06-13T20:17:02+01:00\">junio 13, 2022<\/time><\/div><\/div><\/div>\n\n<\/li><li class=\"wp-block-post post-12623 post type-post status-publish format-standard hentry category-tan-raro generate-columns tablet-grid-50 mobile-grid-100 grid-parent grid-50\">\n\n<div class=\"wp-block-group is-layout-flow wp-block-group-is-layout-flow\" style=\"padding-top:30px;padding-right:30px;padding-bottom:30px;padding-left:30px\"><div class=\"wp-block-group__inner-container\"><h2 class=\"wp-block-post-title\"><a href=\"https:\/\/sorareguide.com\/es\/sorare-espana-la-liga\/\" target=\"_self\">Sorare Espa\u00f1a: La Liga \u00danete al mundo deportivo NFT Gaming<\/a><\/h2>\n\n<div class=\"wp-block-post-excerpt\"><p class=\"wp-block-post-excerpt__excerpt\">Sorare La Liga: La liga espa\u00f1ola entra en la plataforma Tabla de contenido Por lo general, estamos acostumbrados a que Sorare agregue un nuevo club a la plataforma, pero esta vez se han esforzado al m\u00e1ximo&#8230; asoci\u00e1ndose con una liga completa. El Santander LaLiga, para ser exactos. Aunque Lionel Messi se fue recientemente de Barcelona,&hellip; <\/p><\/div>\n\n<div class=\"wp-block-post-date\"><time datetime=\"2021-09-23T13:57:15+01:00\">septiembre 23, 2021<\/time><\/div><\/div><\/div>\n\n<\/li><li class=\"wp-block-post post-13674 post type-post status-publish format-standard has-post-thumbnail hentry category-tan-raro generate-columns tablet-grid-50 mobile-grid-100 grid-parent grid-50 resize-featured-image\">\n\n<div class=\"wp-block-group is-layout-flow wp-block-group-is-layout-flow\" style=\"padding-top:30px;padding-right:30px;padding-bottom:30px;padding-left:30px\"><div class=\"wp-block-group__inner-container\"><h2 class=\"wp-block-post-title\"><a href=\"https:\/\/sorareguide.com\/es\/los-mejores-porteros-de-sorare\/\" target=\"_self\">Los mejores porteros de Sorare: La calidad, a raudales<\/a><\/h2>\n\n<div class=\"wp-block-post-excerpt\"><p class=\"wp-block-post-excerpt__excerpt\">Es muy importante tener un gran portero en tu equipo. La diferencia entre una tarjeta de recompensa, o perderla por poco. En todas las plataformas de f\u00fatbol fantas\u00eda, los porteros pueden ser el factor decisivo para el total de puntos, y esto se traslada a Sorare. Normalmente, hay menos tarjetas de portero disponibles que de&hellip; <\/p><\/div>\n\n<div class=\"wp-block-post-date\"><time datetime=\"2021-07-25T08:23:58+01:00\">julio 25, 2021<\/time><\/div><\/div><\/div>\n\n<\/li><li class=\"wp-block-post post-13607 post type-post status-publish format-standard has-post-thumbnail hentry category-tan-raro generate-columns tablet-grid-50 mobile-grid-100 grid-parent grid-50 resize-featured-image\">\n\n<div class=\"wp-block-group is-layout-flow wp-block-group-is-layout-flow\" style=\"padding-top:30px;padding-right:30px;padding-bottom:30px;padding-left:30px\"><div class=\"wp-block-group__inner-container\"><h2 class=\"wp-block-post-title\"><a href=\"https:\/\/sorareguide.com\/es\/como-depositar-en-sorare\/\" target=\"_self\">C\u00f3mo depositar en Sorare (M\u00e9todo m\u00e1s barato y eficiente)<\/a><\/h2>\n\n<div class=\"wp-block-post-excerpt\"><p class=\"wp-block-post-excerpt__excerpt\">C\u00f3mo depositar en Sorare (utilizando una cuenta bancaria) Muchos jugadores me han enviado correos electr\u00f3nicos preguntando c\u00f3mo depositar en Sorare, al igual que en otras plataformas. Sin embargo, Sorare se ejecuta en la cadena de bloques, por lo que no utiliza dinero en efectivo, sino Ethereum. \u00bfQu\u00e9 mejor, que un tutorial de dep\u00f3sito de Sorare?&hellip; <\/p><\/div>\n\n<div class=\"wp-block-post-date\"><time datetime=\"2021-07-21T18:53:10+01:00\">julio 21, 2021<\/time><\/div><\/div><\/div>\n\n<\/li><\/ul><\/div>\n","protected":false},"excerpt":{"rendered":"<p>Sobre Sorare Sorare es un juego de f\u00fatbol de fantas\u00eda global que te permite coleccionar tarjetas digitales con licencia oficial. Con los premios que se ofrecen cada semana, est\u00e1 motivado para aumentar continuamente su colecci\u00f3n. Sorare cuenta con el respaldo de un gran equipo de inversores como Rio Ferdinand, Andre Schurrle y Antoine Griezmann. Tambi\u00e9n &#8230; <a title=\"Casa\" class=\"read-more\" href=\"https:\/\/sorareguide.com\/es\/\" aria-label=\"M\u00e1s en Casa\">Leer m\u00e1s<\/a><\/p>\n","protected":false},"author":8,"featured_media":0,"parent":0,"menu_order":0,"comment_status":"closed","ping_status":"closed","template":"","meta":{"footnotes":""},"_links":{"self":[{"href":"https:\/\/sorareguide.com\/es\/wp-json\/wp\/v2\/pages\/12586"}],"collection":[{"href":"https:\/\/sorareguide.com\/es\/wp-json\/wp\/v2\/pages"}],"about":[{"href":"https:\/\/sorareguide.com\/es\/wp-json\/wp\/v2\/types\/page"}],"author":[{"embeddable":true,"href":"https:\/\/sorareguide.com\/es\/wp-json\/wp\/v2\/users\/8"}],"replies":[{"embeddable":true,"href":"https:\/\/sorareguide.com\/es\/wp-json\/wp\/v2\/comments?post=12586"}],"version-history":[{"count":1,"href":"https:\/\/sorareguide.com\/es\/wp-json\/wp\/v2\/pages\/12586\/revisions"}],"predecessor-version":[{"id":12587,"href":"https:\/\/sorareguide.com\/es\/wp-json\/wp\/v2\/pages\/12586\/revisions\/12587"}],"wp:attachment":[{"href":"https:\/\/sorareguide.com\/es\/wp-json\/wp\/v2\/media?parent=12586"}],"curies":[{"name":"wp","href":"https:\/\/api.w.org\/{rel}","templated":true}]}}