{"id":12590,"date":"2020-09-26T15:45:58","date_gmt":"2020-09-26T14:45:58","guid":{"rendered":"https:\/\/sorareguide.com\/casa\/"},"modified":"2022-06-20T20:41:02","modified_gmt":"2022-06-20T20:41:02","slug":"casa","status":"publish","type":"page","link":"https:\/\/sorareguide.com\/it\/","title":{"rendered":"Casa"},"content":{"rendered":"<div class=\"gb-container gb-container-6988789f\"><div class=\"gb-inside-container\">\n<div class=\"gb-grid-wrapper gb-grid-wrapper-85de27a8\">\n<div class=\"gb-grid-column gb-grid-column-7581e29c\"><div class=\"gb-container gb-container-7581e29c\"><div class=\"gb-inside-container\">\n\n<h1 class=\"gb-headline gb-headline-7fb735cd gb-headline-text\">Sorare \u00e8 un gioco di fantacalcio. A Sorare Guide, forniamo <mark class=\"gb-highlight\">suggerimenti, guide e assistenza<\/mark> per aiutarti a vincere.<\/h1>\n\n<\/div><\/div><\/div>\n<\/div>\n<\/div><\/div><div class=\"gb-container gb-container-3d5d5356\"><div class=\"gb-inside-container\">\n<div class=\"gb-grid-wrapper gb-grid-wrapper-ce209d0e\">\n<div class=\"gb-grid-column gb-grid-column-ed07c45b\"><div class=\"gb-container gb-container-ed07c45b\"><div class=\"gb-inside-container\">\n\n<h2 class=\"gb-headline gb-headline-8147db57 gb-headline-text\">Non perdere il tuo Bonus Esclusivo<\/h2>\n\n\n\n<p>Utilizzando il nostro link, riceverai una carta limitata gratuita quando acquisti 5 carte dall&#8217;asta. Chi <em><strong>vincerai<\/strong><\/em> ?<\/p>\n\n<\/div><\/div><\/div>\n\n<div class=\"gb-grid-column gb-grid-column-0a224e83\"><div class=\"gb-container gb-container-0a224e83\"><div class=\"gb-inside-container\">\n\n<div class=\"wp-block-buttons is-layout-flex wp-block-buttons-is-layout-flex\">\n<div class=\"wp-block-button\"><a class=\"wp-block-button__link\" href=\"https:\/\/sorareguide.com\/free-cards\">Ottieni la tua carta gratuita ORA<\/a><\/div>\n<\/div>\n\n<\/div><\/div><\/div>\n<\/div>\n<\/div><\/div><div class=\"gb-container gb-container-2992f866\"><div class=\"gb-inside-container\">\n\n<h3 class=\"gb-headline gb-headline-df16c429\"><span class=\"gb-icon\"><svg xmlns=\"http:\/\/www.w3.org\/2000\/svg\" viewbox=\"0 0 68.98 38.88\"><path d=\"M15.51 38.88H0L22.45 0h15.51zM46.53 38.88H31.02L53.47 0h15.51z\"><\/path><\/svg><\/span><span class=\"gb-headline-text\">A proposito di Sorare<\/span><\/h3>\n\n\n\n<div style=\"height:14px\" aria-hidden=\"true\" class=\"wp-block-spacer\"><\/div>\n\n\n\n<p>Sorare \u00e8 un gioco di fantacalcio globale, che ti consente di collezionare carte digitali con licenza ufficiale. Con i premi <a class=\"wpil_keyword_link \" href=\"https:\/\/sorareguide.com\/it\/recensione-sorare\/\" title=\"offerta\" data-wpil-keyword-link=\"linked\">offerti<\/a> ogni settimana, sei motivato ad aumentare continuamente la tua collezione.<\/p>\n\n\n\n<p>Sorare \u00e8 sostenuto da un vasto team di investitori come Rio Ferdinand, Andre Schurrle e Antoine Griezmann. Hanno anche attratto artisti del calibro di Ubisoft.<\/p>\n\n\n\n<p>\u00c8 un gioco di Fantasy Football basato su Blockchain, in particolare Ethereum (ETH). \u00c8 un concetto nuovo, ma il nostro obiettivo \u00e8 offrirti risorse e informazioni gratuite per aumentare le tue possibilit\u00e0 di vincere i tornei. <strong>\u00c8 un ibrido di raccolta digitale e giochi fantasy. <\/strong>Ottieni la tua carta gratuita acquistando 5 carte.<\/p>\n\n\n<div class=\"gb-grid-wrapper gb-grid-wrapper-126af6dc\">\n<div class=\"gb-grid-column gb-grid-column-b910f0a6\"><div class=\"gb-container gb-container-b910f0a6\"><div class=\"gb-inside-container\">\n\n<figure class=\"wp-block-image size-full is-resized\"><img decoding=\"async\" loading=\"lazy\" src=\"https:\/\/learnretailarbitrage.com\/wp-content\/uploads\/2021\/06\/cryptography.svg\" alt=\"Crittografia\" class=\"wp-image-1412\" width=\"473\" height=\"468\"\/><\/figure>\n\n<\/div><\/div><\/div>\n\n<div class=\"gb-grid-column gb-grid-column-32e1430d\"><div class=\"gb-container gb-container-32e1430d\"><div class=\"gb-inside-container\">\n\n<h2 class=\"gb-headline gb-headline-c6416161\"><span class=\"gb-icon\"><svg xmlns=\"http:\/\/www.w3.org\/2000\/svg\" viewbox=\"0 0 80 42\" data-name=\"subtract\"><path d=\"M0 20.06h80v1.87H0z\"><\/path><\/svg><\/span><span class=\"gb-headline-text\">Metti alla prova le tue conoscenze calcistiche e competi con altri allenatori nelle competizioni di fantacalcio<\/span><\/h2>\n\n\n\n<h2 class=\"gb-headline gb-headline-fcccb11c gb-headline-text\">Cos&#8217;\u00e8 Sorare?<\/h2>\n\n\n\n<p>Sorare \u00e8 un gioco di fantacalcio in cui possiedi <strong>effettivamente<\/strong> i giocatori che desideri nella tua squadra. Partendo dal nulla, i manager costruiscono le loro Gallerie per competere con altri manager. I premi sono in contanti, oltre a pi\u00f9 carte premio. <\/p>\n\n\n\n<p class=\"gb-headline gb-headline-7196996c\"><span class=\"gb-icon\"><svg xmlns=\"http:\/\/www.w3.org\/2000\/svg\" aria-hidden=\"true\" role=\"img\" height=\"1em\" width=\"1em\" viewbox=\"0 0 256 512\"><path fill=\"currentColor\" d=\"M224.3 273l-136 136c-9.4 9.4-24.6 9.4-33.9 0l-22.6-22.6c-9.4-9.4-9.4-24.6 0-33.9l96.4-96.4-96.4-96.4c-9.4-9.4-9.4-24.6 0-33.9L54.3 103c9.4-9.4 24.6-9.4 33.9 0l136 136c9.5 9.4 9.5 24.6.1 34z\"><\/path><\/svg><\/span><span class=\"gb-headline-text\"><strong>Acquista nuovi acquisti dalla casa d&#8217;aste o negozia con altri gestori per un affare.<\/strong><\/span><\/p>\n\n\n\n<p class=\"gb-headline gb-headline-d590db48\"><span class=\"gb-icon\"><svg xmlns=\"http:\/\/www.w3.org\/2000\/svg\" aria-hidden=\"true\" role=\"img\" height=\"1em\" width=\"1em\" viewbox=\"0 0 256 512\"><path fill=\"currentColor\" d=\"M224.3 273l-136 136c-9.4 9.4-24.6 9.4-33.9 0l-22.6-22.6c-9.4-9.4-9.4-24.6 0-33.9l96.4-96.4-96.4-96.4c-9.4-9.4-9.4-24.6 0-33.9L54.3 103c9.4-9.4 24.6-9.4 33.9 0l136 136c9.5 9.4 9.5 24.6.1 34z\"><\/path><\/svg><\/span><span class=\"gb-headline-text\"><strong>Inserisci le tue formazioni nei tornei di fantacalcio per i massimi diritti di vanteria. I premi sono illimitati.<\/strong><\/span><\/p>\n\n\n\n<p class=\"gb-headline gb-headline-816b4cd6\"><span class=\"gb-icon\"><svg xmlns=\"http:\/\/www.w3.org\/2000\/svg\" aria-hidden=\"true\" role=\"img\" height=\"1em\" width=\"1em\" viewbox=\"0 0 256 512\"><path fill=\"currentColor\" d=\"M224.3 273l-136 136c-9.4 9.4-24.6 9.4-33.9 0l-22.6-22.6c-9.4-9.4-9.4-24.6 0-33.9l96.4-96.4-96.4-96.4c-9.4-9.4-9.4-24.6 0-33.9L54.3 103c9.4-9.4 24.6-9.4 33.9 0l136 136c9.5 9.4 9.5 24.6.1 34z\"><\/path><\/svg><\/span><span class=\"gb-headline-text\"><strong>Sei fisicamente il proprietario delle carte sulla blockchain, dandoti i diritti personali su quella carta. <\/strong><\/span><\/p>\n\n\n<div class=\"gb-button-wrapper gb-button-wrapper-a652e291\">\n\n<a class=\"gb-button gb-button-90d458f8 gb-button-text\" href=\"https:\/\/sorareguide.com\/free-cards\" target=\"_blank\" rel=\"noopener noreferrer\">Ottieni una carta limitata gratuita &#8211; quando acquisti 5 dall&#8217;asta<\/a>\n\n<\/div>\n<\/div><\/div><\/div>\n<\/div>\n\n\n<p><a href=\"https:\/\/sorareguide.com\/free-cards\"><\/a><\/p>\n\n<\/div><\/div><div class=\"gb-container gb-container-3c1b3cef\"><div class=\"gb-inside-container\">\n\n<h4 class=\"gb-headline gb-headline-32365078\"><span class=\"gb-icon\"><svg xmlns=\"http:\/\/www.w3.org\/2000\/svg\" viewbox=\"0 0 40 28\"><path d=\"M30.6 28c-5.2 0-9.4-4.2-9.4-9.4C21.2 8 25.5 1 25.7.7l.5-.7H33l-.6 2C31.9 3.9 31 7.4 31 8.6v.6c2.4.1 4.6 1.1 6.3 2.8 1.7 1.8 2.7 4.1 2.7 6.6 0 5.2-4.2 9.4-9.4 9.4zM27.9 3.1c-1 2-3.6 7.7-3.6 15.5 0 3.4 2.8 6.2 6.2 6.2s6.2-2.8 6.2-6.2-2.7-6.2-6.1-6.2h-.1c-1.4 0-2-.7-2.4-1.3-.4-.7-.4-1.5-.4-2.4 0-1.2.6-3.7 1-5.5l-.8-.1zm2.7 6.1zM9.4 28C4.2 28 0 23.8 0 18.6 0 8 4.3 1 4.5.7l.4-.7h6.8l-.6 2c-.6 1.9-1.4 5.5-1.4 6.6v.6c2.4.1 4.6 1.1 6.3 2.8 1.7 1.8 2.7 4.1 2.7 6.6 0 5.2-4.2 9.4-9.3 9.4zM6.7 3.1c-1 2-3.6 7.7-3.6 15.5 0 3.4 2.8 6.2 6.2 6.2s6.2-2.8 6.2-6.2-2.7-6.2-6.1-6.2c-1.4 0-2-.7-2.4-1.3-.4-.7-.4-1.5-.4-2.4 0-1.2.6-3.7 1-5.5l-.9-.1zm2.7 6.1z\"><\/path><\/svg><\/span><span class=\"gb-headline-text\">PROPRIO IL TUO GIOCO.<\/span><\/h4>\n\n\n\n<div class=\"wp-block-columns has-text-color has-background is-layout-flex wp-container-6 wp-block-columns-is-layout-flex\" style=\"background-color:#ffffff;color:#000000\">\n<div class=\"wp-block-column is-layout-flow wp-block-column-is-layout-flow\">\n<h3 class=\"wp-block-heading\" style=\"font-size:24px;line-height:1.3\"><strong>Centinaia di club con licenza<\/strong><\/h3>\n\n\n\n<p>Acquista NFT da collezione da oltre 120 club in tutto il mondo. Ogni mese vengono aggiunti altri club.<\/p>\n<\/div>\n\n\n\n<div class=\"wp-block-column is-layout-flow wp-block-column-is-layout-flow\">\n<h3 class=\"wp-block-heading\" style=\"font-size:24px;line-height:1.3\"><strong>Potenziale scouting<\/strong><\/h3>\n\n\n\n<p>Puoi &#8220;Guardare&#8221; i tuoi giocatori preferiti, in modo da essere avvisato quando un nuovo giocatore viene aggiunto al mercato.<\/p>\n<\/div>\n\n\n\n<div class=\"wp-block-column is-layout-flow wp-block-column-is-layout-flow\">\n<h3 class=\"wp-block-heading\" style=\"font-size:24px;line-height:1.3\"><strong>Molteplici leghe di calcio<\/strong><\/h3>\n\n\n\n<p>Con oltre 20 campionati coperti, puoi esplorare a livello globale e trovare i migliori giocatori disponibili.<\/p>\n<\/div>\n<\/div>\n\n\n<div class=\"wp-block-image\">\n<figure class=\"aligncenter size-full is-resized\"><img decoding=\"async\" loading=\"lazy\" src=\"https:\/\/sorareguide.com\/wp-content\/uploads\/2021\/03\/Mbappe-Sorare-Card.png\" alt=\"Mbapp&#xE9; Sorare\" class=\"wp-image-7139\" width=\"335\" height=\"542\" srcset=\"https:\/\/sorareguide.com\/wp-content\/uploads\/2021\/03\/Mbappe-Sorare-Card.png 514w, https:\/\/sorareguide.com\/wp-content\/uploads\/2021\/03\/Mbappe-Sorare-Card-185x300.png 185w\" sizes=\"(max-width: 335px) 100vw, 335px\" \/><\/figure><\/div>\n\n\n<div class=\"wp-block-columns has-text-color has-background is-layout-flex wp-container-10 wp-block-columns-is-layout-flex\" style=\"background-color:#ffffff;color:#000000\">\n<div class=\"wp-block-column is-layout-flow wp-block-column-is-layout-flow\">\n<h3 class=\"wp-block-heading\" style=\"font-size:24px;line-height:1.3\"><strong><a href=\"http:\/\/wordpress.org\" target=\"_blank\">Costruisci la tua collezione<\/a><\/strong><\/h3>\n\n\n\n<p>Le tue Carte Digitali non scadono mai. Puoi concentrarti sulla creazione di una raccolta dei migliori giocatori del mondo.<\/p>\n<\/div>\n\n\n\n<div class=\"wp-block-column is-layout-flow wp-block-column-is-layout-flow\">\n<h3 class=\"wp-block-heading\" style=\"font-size:24px;line-height:1.3\"><strong>Design impeccabile<\/strong><\/h3>\n\n\n\n<p>Le carte virtuali sono bellissime, proprio come questa carta in edizione limitata del 50\u00b0 anniversario di Mbappe PSG.<\/p>\n<\/div>\n\n\n\n<div class=\"wp-block-column is-layout-flow wp-block-column-is-layout-flow\">\n<h3 class=\"wp-block-heading\" style=\"font-size:24px;line-height:1.3\"><strong>Variet\u00e0 di tornei<\/strong><\/h3>\n\n\n\n<p>Ci sono gi\u00e0 <strong>molti<\/strong> trader che si rifiutano di scommettere con i bookmaker, dopo aver visto quanto \u00e8 buono Football Index!<\/p>\n\n\n\n<p><a href=\"https:\/\/sorareguide.com\/free-cards\"><\/a><\/p>\n<\/div>\n<\/div>\n\n\n<div class=\"gb-container gb-container-91b231bf\"><div class=\"gb-inside-container\">\n<div class=\"gb-grid-wrapper gb-grid-wrapper-409ddfb8\">\n<div class=\"gb-grid-column gb-grid-column-a955004c\"><div class=\"gb-container gb-container-a955004c\"><div class=\"gb-inside-container\">\n\n<h2 class=\"gb-headline gb-headline-539c30d5\"><span class=\"gb-icon\"><svg xmlns=\"http:\/\/www.w3.org\/2000\/svg\" viewbox=\"0 0 80 42\" data-name=\"subtract\"><path d=\"M0 20.06h80v1.87H0z\"><\/path><\/svg><\/span><span class=\"gb-headline-text\">Inizia a giocare oggi<\/span><\/h2>\n\n\n\n<h2 class=\"gb-headline gb-headline-a163fdff gb-headline-text\">Come iniziare<\/h2>\n\n\n\n<p>La prima cosa che dovresti fare \u00e8 considerare l&#8217;utilizzo di un link di riferimento. Ci\u00f2 ti consentir\u00e0 di ricevere 1 carta limitata gratuita, quando ne acquisti 5 all&#8217;asta.<\/p>\n\n\n\n<p>Puoi anche iniziare a giocare nelle leghe comuni Free to Play.<\/p>\n\n\n<div class=\"gb-button-wrapper gb-button-wrapper-6b012d52\">\n\n<a class=\"gb-button gb-button-a589c2b2 gb-button-text\" href=\"https:\/\/sorareguide.com\/free-cards\" target=\"_blank\" rel=\"noopener noreferrer\">Ottieni la tua carta limitata gratuita<\/a>\n\n<\/div>\n<\/div><\/div><\/div>\n\n<div class=\"gb-grid-column gb-grid-column-31111a3b\"><div class=\"gb-container gb-container-31111a3b\"><div class=\"gb-inside-container\">\n\n<h3 class=\"gb-headline gb-headline-42ddb2c0\"><span class=\"gb-icon\"><svg xmlns=\"http:\/\/www.w3.org\/2000\/svg\" viewbox=\"0 0 384 512\"><path d=\"M384 112v352c0 26.51-21.49 48-48 48H48c-26.51 0-48-21.49-48-48V112c0-26.51 21.49-48 48-48h80c0-35.29 28.71-64 64-64s64 28.71 64 64h80c26.51 0 48 21.49 48 48zM192 40c-13.255 0-24 10.745-24 24s10.745 24 24 24 24-10.745 24-24-10.745-24-24-24m96 114v-20a6 6 0 00-6-6H102a6 6 0 00-6 6v20a6 6 0 006 6h180a6 6 0 006-6z\"><\/path><\/svg><\/span><span class=\"gb-headline-text\">Registrati per il tuo account<\/span><\/h3>\n\n\n\n<p style=\"font-size:15px\">Completa la procedura di registrazione e scegli il nome del club, il logo, ecc.<\/p>\n\n\n\n<h3 class=\"gb-headline gb-headline-685d1b62\"><span class=\"gb-icon\"><svg xmlns=\"http:\/\/www.w3.org\/2000\/svg\" viewbox=\"0 0 512 512\"><path d=\"M461.2 128H80c-8.84 0-16-7.16-16-16s7.16-16 16-16h384c8.84 0 16-7.16 16-16 0-26.51-21.49-48-48-48H64C28.65 32 0 60.65 0 96v320c0 35.35 28.65 64 64 64h397.2c28.02 0 50.8-21.53 50.8-48V176c0-26.47-22.78-48-50.8-48zM416 336c-17.67 0-32-14.33-32-32s14.33-32 32-32 32 14.33 32 32-14.33 32-32 32z\"><\/path><\/svg><\/span><span class=\"gb-headline-text\">Svela le tue prime carte<\/span><\/h3>\n\n\n\n<p style=\"font-size:15px\">Le tue carte comuni verranno consegnate tramite un &#8220;Pacchetto premi&#8221;. Dopo questo punto, sarai in grado di acquistare direttamente dalla casa d&#8217;aste e costruire la tua squadra secondo le tue esatte esigenze.<\/p>\n\n\n\n<h3 class=\"gb-headline gb-headline-e229a232\"><span class=\"gb-icon\"><svg xmlns=\"http:\/\/www.w3.org\/2000\/svg\" viewbox=\"0 0 512 512\"><path d=\"M0 405.3V448c0 35.3 86 64 192 64s192-28.7 192-64v-42.7C342.7 434.4 267.2 448 192 448S41.3 434.4 0 405.3zM320 128c106 0 192-28.7 192-64S426 0 320 0 128 28.7 128 64s86 64 192 64zM0 300.4V352c0 35.3 86 64 192 64s192-28.7 192-64v-51.6c-41.3 34-116.9 51.6-192 51.6S41.3 334.4 0 300.4zm416 11c57.3-11.1 96-31.7 96-55.4v-42.7c-23.2 16.4-57.3 27.6-96 34.5v63.6zM192 160C86 160 0 195.8 0 240s86 80 192 80 192-35.8 192-80-86-80-192-80zm219.3 56.3c60-10.8 100.7-32 100.7-56.3v-42.7c-35.5 25.1-96.5 38.6-160.7 41.8 29.5 14.3 51.2 33.5 60 57.2z\"><\/path><\/svg><\/span><span class=\"gb-headline-text\">Partecipa ai tornei di fantasia<\/span><\/h3>\n\n\n\n<p style=\"font-size:15px\">Una volta creata una squadra, puoi partecipare ai Tornei Fantasy. Lo scopo del gioco? Vinci pi\u00f9 carte e premi in denaro.<\/p>\n\n<\/div><\/div><\/div>\n<\/div>\n<\/div><\/div>\n\n\n<div class=\"wp-block-columns is-layout-flex wp-container-16 wp-block-columns-is-layout-flex\">\n<div class=\"wp-block-column is-layout-flow wp-block-column-is-layout-flow\" style=\"flex-basis:50%\">\n<div class=\"wp-block-cover is-light\" style=\"min-height:600px\"><span aria-hidden=\"true\" class=\"wp-block-cover__background has-background-dim-0 has-background-dim\" style=\"background-color:#f6f6f6\"><\/span><div class=\"wp-block-cover__inner-container is-layout-flow wp-block-cover-is-layout-flow\"><div class=\"wp-block-image\">\n<figure class=\"aligncenter size-full\"><img decoding=\"async\" loading=\"lazy\" width=\"514\" height=\"832\" src=\"https:\/\/sorareguide.com\/wp-content\/uploads\/2021\/03\/Beckham-Sorare.png\" alt=\"Beckham Sorare\" class=\"wp-image-7144\" srcset=\"https:\/\/sorareguide.com\/wp-content\/uploads\/2021\/03\/Beckham-Sorare.png 514w, https:\/\/sorareguide.com\/wp-content\/uploads\/2021\/03\/Beckham-Sorare-185x300.png 185w\" sizes=\"(max-width: 514px) 100vw, 514px\" \/><\/figure><\/div><\/div><\/div>\n<\/div>\n\n\n\n<div class=\"wp-block-column is-vertically-aligned-center is-layout-flow wp-block-column-is-layout-flow\" style=\"padding-top:1em;padding-right:1em;padding-bottom:1em;padding-left:1em\">\n<div class=\"wp-block-columns is-layout-flex wp-container-14 wp-block-columns-is-layout-flex\">\n<div class=\"wp-block-column is-layout-flow wp-block-column-is-layout-flow\" style=\"flex-basis:320px\">\n<h4 class=\"gb-headline gb-headline-7524dbe9 gb-headline-text\"><strong>Sorare \u00e8 solo un altro gioco di fantacalcio?<\/strong><\/h4>\n\n\n\n<p>Sorare \u00e8 molto pi\u00f9 del Fantasy Football. Mentre gran parte del gioco sta partecipando a tornei per vincere premi, come nuovi giocatori ed Ethereum&#8230; l&#8217;aspetto collezionabile digitale del gioco \u00e8 fantastico.<\/p>\n\n\n\n<p>Ad esempio, questa carta di David Beckham non pu\u00f2 essere utilizzata nei tornei fantasy, ma ha un enorme valore collezionabile. <\/p>\n\n\n\n<p>Semplicemente non puoi guardarlo in faccia senza che ti venga in mente <strong>quella punizione,<\/strong> contro la Grecia nel 2001.<\/p>\n\n\n\n<p><a href=\"https:\/\/sorareguide.com\/it\/recensione-sorare\/\" data-type=\"post\" data-id=\"5518\">Sorare non \u00e8 una piattaforma di gioco d&#8217;azzardo<\/a> e puoi possedere le tue carte per tutta la vita. Star globali come Antoine Griezmann sono in diretta sul mercato, iniziando a costruire la sua collezione personale di giochi.<\/p>\n<\/div>\n<\/div>\n<\/div>\n<\/div>\n\n<\/div><\/div><div class=\"gb-container gb-container-2f6d3f6f\"><div class=\"gb-inside-container\">\n\n<h3 class=\"gb-headline gb-headline-3b72360a\"><span class=\"gb-icon\"><svg xmlns=\"http:\/\/www.w3.org\/2000\/svg\" viewbox=\"0 0 68.98 38.88\"><path d=\"M15.51 38.88H0L22.45 0h15.51zM46.53 38.88H31.02L53.47 0h15.51z\"><\/path><\/svg><\/span><span class=\"gb-headline-text\">Articoli Recenti<\/span><\/h3>\n\n<\/div><\/div>\n<div class=\"wp-block-query is-layout-flow wp-block-query-is-layout-flow\"><ul class=\"is-flex-container columns-3 wp-block-post-template is-layout-flow wp-block-post-template-is-layout-flow\"><li class=\"wp-block-post post-16969 post type-post status-publish format-standard has-post-thumbnail hentry category-non-categorizzato generate-columns tablet-grid-50 mobile-grid-100 grid-parent grid-50 resize-featured-image\">\n\n<div class=\"wp-block-group is-layout-flow wp-block-group-is-layout-flow\" style=\"padding-top:30px;padding-right:30px;padding-bottom:30px;padding-left:30px\"><div class=\"wp-block-group__inner-container\"><h2 class=\"wp-block-post-title\"><a href=\"https:\/\/sorareguide.com\/it\/sorare-global-cup-2022-gioco-di-coppa-del-mondo-gratuito\/\" target=\"_self\">Sorare Global Cup 2022: gioco di coppa del mondo gratuito<\/a><\/h2>\n\n<div class=\"wp-block-post-excerpt\"><p class=\"wp-block-post-excerpt__excerpt\">Da qualche mese, Sorare ha annunciato i suoi piani per la Coppa del Mondo. Il 10 novembre 2022 \u00e8 stata annunciata questa novit\u00e0, accolta con grande favore dagli appassionati di fantacalcio di tutto il mondo. Questo nuovo gioco Free to Play viene rilasciato nella stessa settimana in cui Lionel Messi \u00e8 stato presentato come Ambasciatore&hellip; <\/p><\/div>\n\n<div class=\"wp-block-post-date\"><time datetime=\"2022-11-11T21:07:38+01:00\">Novembre 11, 2022<\/time><\/div><\/div><\/div>\n\n<\/li><li class=\"wp-block-post post-16765 post type-post status-publish format-standard has-post-thumbnail hentry category-nba-it generate-columns tablet-grid-50 mobile-grid-100 grid-parent grid-50 resize-featured-image\">\n\n<div class=\"wp-block-group is-layout-flow wp-block-group-is-layout-flow\" style=\"padding-top:30px;padding-right:30px;padding-bottom:30px;padding-left:30px\"><div class=\"wp-block-group__inner-container\"><h2 class=\"wp-block-post-title\"><a href=\"https:\/\/sorareguide.com\/it\/sorare-nba-tutorial-e-bonus-di-iscrizione\/\" target=\"_self\">Sorare NBA: Tutorial e bonus di iscrizione<\/a><\/h2>\n\n<div class=\"wp-block-post-excerpt\"><p class=\"wp-block-post-excerpt__excerpt\">Vuoi un bonus gratuito quando ti registri su Sorare? Utilizza questo link e se acquisti 5 giocatori dalla casa d&#8217;aste di Sorare, riceverai una Reward Card gratuita. La carta avr\u00e0 una scarsit\u00e0 &#8220;limitata&#8221; e potr\u00e0 essere utilizzata per la progressione o venduta. <\/p><\/div>\n\n<div class=\"wp-block-post-date\"><time datetime=\"2022-10-18T21:19:45+01:00\">Ottobre 18, 2022<\/time><\/div><\/div><\/div>\n\n<\/li><li class=\"wp-block-post post-13707 post type-post status-publish format-standard has-post-thumbnail hentry category-platform-update generate-columns tablet-grid-50 mobile-grid-100 grid-parent grid-50 resize-featured-image\">\n\n<div class=\"wp-block-group is-layout-flow wp-block-group-is-layout-flow\" style=\"padding-top:30px;padding-right:30px;padding-bottom:30px;padding-left:30px\"><div class=\"wp-block-group__inner-container\"><h2 class=\"wp-block-post-title\"><a href=\"https:\/\/sorareguide.com\/it\/accademia-di-sorare-nuovi-tornei\/\" target=\"_self\">Accademia di Sorare: Nuovi tornei<\/a><\/h2>\n\n<div class=\"wp-block-post-excerpt\"><p class=\"wp-block-post-excerpt__excerpt\">Sar\u00f2 il primo ad ammettere che Sorare ha scioccato tutti i suoi manager con l&#8217;annuncio della Sorare Academy. Per un bel po&#8217; di tempo, ci sono state anticipate alcune cose riguardanti le barre di progressione, diverse modalit\u00e0 di gioco e persino altri campionati che si uniranno alla piattaforma. Tuttavia, oggi vi spiegheremo esattamente cos&#8217;\u00e8 l&#8217;Accademia&hellip; <\/p><\/div>\n\n<div class=\"wp-block-post-date\"><time datetime=\"2022-06-29T19:52:07+01:00\">Giugno 29, 2022<\/time><\/div><\/div><\/div>\n\n<\/li><li class=\"wp-block-post post-12524 post type-post status-publish format-standard has-post-thumbnail hentry category-beginner-guides generate-columns tablet-grid-50 mobile-grid-100 grid-parent grid-50 resize-featured-image\">\n\n<div class=\"wp-block-group is-layout-flow wp-block-group-is-layout-flow\" style=\"padding-top:30px;padding-right:30px;padding-bottom:30px;padding-left:30px\"><div class=\"wp-block-group__inner-container\"><h2 class=\"wp-block-post-title\"><a href=\"https:\/\/sorareguide.com\/it\/sorare-tips-tricks-per-principianti\/\" target=\"_self\">Sorare Tips &amp; Tricks per principianti<\/a><\/h2>\n\n<div class=\"wp-block-post-excerpt\"><p class=\"wp-block-post-excerpt__excerpt\">Quando i nuovi allenatori iniziano a giocare a Sorare, non \u00e8 raro che si rivolgano per chiedere aiuto. Ci sono alcune ragioni per questo, ed \u00e8 il motivo per cui ho creato l&#8217;articolo precedente. Poich\u00e9 Sorare \u00e8 una piattaforma completamente unica, ci vuole tempo per imparare come funziona la piattaforma. Per aiutare il processo a&hellip; <\/p><\/div>\n\n<div class=\"wp-block-post-date\"><time datetime=\"2022-06-13T20:17:02+01:00\">Giugno 13, 2022<\/time><\/div><\/div><\/div>\n\n<\/li><li class=\"wp-block-post post-15971 post type-post status-publish format-standard has-post-thumbnail hentry category-sorare-it category-stelle-del-futuro generate-columns tablet-grid-50 mobile-grid-100 grid-parent grid-50 resize-featured-image\">\n\n<div class=\"wp-block-group is-layout-flow wp-block-group-is-layout-flow\" style=\"padding-top:30px;padding-right:30px;padding-bottom:30px;padding-left:30px\"><div class=\"wp-block-group__inner-container\"><h2 class=\"wp-block-post-title\"><a href=\"https:\/\/sorareguide.com\/it\/le-10-carte-sorare-piu-costose-mai-vendute\/\" target=\"_self\">Le 10 carte Sorare pi\u00f9 costose mai vendute<\/a><\/h2>\n\n<div class=\"wp-block-post-excerpt\"><p class=\"wp-block-post-excerpt__excerpt\">Determinare il prezzo di una nuova carta su Sorare pu\u00f2 essere difficile, ancora di pi\u00f9 quando ce n&#8217;\u00e8 solo una in vendita sul mercato. Questo accade spesso con le carte Unique Scarcity. Stiamo esaminando le 10 carte Sorare pi\u00f9 costose vendute all&#8217;asta e ho la sensazione che ci occuperemo principalmente degli esemplari unici. Quali sono&hellip; <\/p><\/div>\n\n<div class=\"wp-block-post-date\"><time datetime=\"2022-01-31T09:15:08+01:00\">Gennaio 31, 2022<\/time><\/div><\/div><\/div>\n\n<\/li><li class=\"wp-block-post post-13665 post type-post status-publish format-standard has-post-thumbnail hentry category-sorare-it generate-columns tablet-grid-50 mobile-grid-100 grid-parent grid-50 resize-featured-image\">\n\n<div class=\"wp-block-group is-layout-flow wp-block-group-is-layout-flow\" style=\"padding-top:30px;padding-right:30px;padding-bottom:30px;padding-left:30px\"><div class=\"wp-block-group__inner-container\"><h2 class=\"wp-block-post-title\"><a href=\"https:\/\/sorareguide.com\/it\/i-migliori-portieri-su-sorare\/\" target=\"_self\">I migliori portieri su Sorare: La qualit\u00e0 \u00e8 un valore aggiunto<\/a><\/h2>\n\n<div class=\"wp-block-post-excerpt\"><p class=\"wp-block-post-excerpt__excerpt\">\u00c8 molto importante avere un grande portiere in squadra. La differenza tra una carta premio e una carta di credito, o la perdita per un soffio. Su tutte le piattaforme di fantacalcio, i portieri possono essere determinanti per il totale dei punti, e questo vale anche per Sorare. In genere, le carte portiere disponibili sono&hellip; <\/p><\/div>\n\n<div class=\"wp-block-post-date\"><time datetime=\"2021-07-25T08:23:58+01:00\">Luglio 25, 2021<\/time><\/div><\/div><\/div>\n\n<\/li><\/ul><\/div>\n","protected":false},"excerpt":{"rendered":"<p>A proposito di Sorare Sorare \u00e8 un gioco di fantacalcio globale, che ti consente di collezionare carte digitali con licenza ufficiale. Con i premi offerti ogni settimana, sei motivato ad aumentare continuamente la tua collezione. Sorare \u00e8 sostenuto da un vasto team di investitori come Rio Ferdinand, Andre Schurrle e Antoine Griezmann. Hanno anche attratto &#8230; <a title=\"Casa\" class=\"read-more\" href=\"https:\/\/sorareguide.com\/it\/\" aria-label=\"More on Casa\">Leggi tutto<\/a><\/p>\n","protected":false},"author":8,"featured_media":0,"parent":0,"menu_order":0,"comment_status":"closed","ping_status":"closed","template":"","meta":{"footnotes":""},"_links":{"self":[{"href":"https:\/\/sorareguide.com\/it\/wp-json\/wp\/v2\/pages\/12590"}],"collection":[{"href":"https:\/\/sorareguide.com\/it\/wp-json\/wp\/v2\/pages"}],"about":[{"href":"https:\/\/sorareguide.com\/it\/wp-json\/wp\/v2\/types\/page"}],"author":[{"embeddable":true,"href":"https:\/\/sorareguide.com\/it\/wp-json\/wp\/v2\/users\/8"}],"replies":[{"embeddable":true,"href":"https:\/\/sorareguide.com\/it\/wp-json\/wp\/v2\/comments?post=12590"}],"version-history":[{"count":1,"href":"https:\/\/sorareguide.com\/it\/wp-json\/wp\/v2\/pages\/12590\/revisions"}],"predecessor-version":[{"id":12591,"href":"https:\/\/sorareguide.com\/it\/wp-json\/wp\/v2\/pages\/12590\/revisions\/12591"}],"wp:attachment":[{"href":"https:\/\/sorareguide.com\/it\/wp-json\/wp\/v2\/media?parent=12590"}],"curies":[{"name":"wp","href":"https:\/\/api.w.org\/{rel}","templated":true}]}}