{"id":12592,"date":"2020-09-26T15:45:58","date_gmt":"2020-09-26T14:45:58","guid":{"rendered":"https:\/\/sorareguide.com\/casa\/"},"modified":"2022-06-20T20:41:06","modified_gmt":"2022-06-20T20:41:06","slug":"casa","status":"publish","type":"page","link":"https:\/\/sorareguide.com\/pt-pt\/","title":{"rendered":"Casa"},"content":{"rendered":"<div class=\"gb-container gb-container-6988789f\"><div class=\"gb-inside-container\">\n<div class=\"gb-grid-wrapper gb-grid-wrapper-85de27a8\">\n<div class=\"gb-grid-column gb-grid-column-7581e29c\"><div class=\"gb-container gb-container-7581e29c\"><div class=\"gb-inside-container\">\n\n<h1 class=\"gb-headline gb-headline-7fb735cd gb-headline-text\">Sorare \u00e9 um jogo de futebol de fantasia. No Guia Sorare, fornecemos <mark class=\"gb-highlight\">dicas, guias e assist\u00eancia<\/mark> para ajud\u00e1-lo a vencer.<\/h1>\n\n<\/div><\/div><\/div>\n<\/div>\n<\/div><\/div><div class=\"gb-container gb-container-3d5d5356\"><div class=\"gb-inside-container\">\n<div class=\"gb-grid-wrapper gb-grid-wrapper-ce209d0e\">\n<div class=\"gb-grid-column gb-grid-column-ed07c45b\"><div class=\"gb-container gb-container-ed07c45b\"><div class=\"gb-inside-container\">\n\n<h2 class=\"gb-headline gb-headline-8147db57 gb-headline-text\">N\u00e3o perca seu b\u00f4nus exclusivo<\/h2>\n\n\n\n<p>Ao usar nosso link, voc\u00ea receber\u00e1 um Cart\u00e3o Limitado Gratuito ao comprar 5 Cart\u00f5es do Leil\u00e3o. Quem <em><strong>voc\u00ea<\/strong><\/em> vai ganhar?<\/p>\n\n<\/div><\/div><\/div>\n\n<div class=\"gb-grid-column gb-grid-column-0a224e83\"><div class=\"gb-container gb-container-0a224e83\"><div class=\"gb-inside-container\">\n\n<div class=\"wp-block-buttons is-layout-flex wp-block-buttons-is-layout-flex\">\n<div class=\"wp-block-button\"><a class=\"wp-block-button__link\" href=\"https:\/\/sorareguide.com\/free-cards\">Adquira j\u00e1 o seu cart\u00e3o gr\u00e1tis<\/a><\/div>\n<\/div>\n\n<\/div><\/div><\/div>\n<\/div>\n<\/div><\/div><div class=\"gb-container gb-container-2992f866\"><div class=\"gb-inside-container\">\n\n<h3 class=\"gb-headline gb-headline-df16c429\"><span class=\"gb-icon\"><svg xmlns=\"http:\/\/www.w3.org\/2000\/svg\" viewbox=\"0 0 68.98 38.88\"><path d=\"M15.51 38.88H0L22.45 0h15.51zM46.53 38.88H31.02L53.47 0h15.51z\"><\/path><\/svg><\/span><span class=\"gb-headline-text\">Sobre Sorare<\/span><\/h3>\n\n\n\n<div style=\"height:14px\" aria-hidden=\"true\" class=\"wp-block-spacer\"><\/div>\n\n\n\n<p>Sorare \u00e9 um jogo global de fantasy de futebol, permitindo que voc\u00ea colete cart\u00f5es digitais oficialmente licenciados. Com pr\u00eamios <a class=\"wpil_keyword_link \" href=\"https:\/\/sorareguide.com\/pt-pt\/sorare-review-o-que-e-sorare-como-jogar\/\" title=\"oferta\" data-wpil-keyword-link=\"linked\">oferecidos<\/a> a cada semana, voc\u00ea est\u00e1 motivado a aumentar continuamente sua cole\u00e7\u00e3o.<\/p>\n\n\n\n<p>A Sorare \u00e9 apoiada por uma enorme equipe de investidores como Rio Ferdinand, Andre Schurrle e Antoine Griezmann. Eles tamb\u00e9m atra\u00edram os gostos da Ubisoft.<\/p>\n\n\n\n<p>\u00c9 um jogo de Fantasy Football baseado em Blockchain, especificamente Ethereum (ETH). \u00c9 um conceito novo, mas nosso objetivo \u00e9 oferecer recursos e informa\u00e7\u00f5es gratuitas para aumentar suas chances de ganhar os torneios. <strong>\u00c9 um h\u00edbrido de Cole\u00e7\u00e3o Digital e Jogos de Fantasia. <\/strong>Obtenha seu cart\u00e3o gr\u00e1tis na compra de 5 cart\u00f5es.<\/p>\n\n\n<div class=\"gb-grid-wrapper gb-grid-wrapper-126af6dc\">\n<div class=\"gb-grid-column gb-grid-column-b910f0a6\"><div class=\"gb-container gb-container-b910f0a6\"><div class=\"gb-inside-container\">\n\n<figure class=\"wp-block-image size-full is-resized\"><img decoding=\"async\" loading=\"lazy\" src=\"https:\/\/learnretailarbitrage.com\/wp-content\/uploads\/2021\/06\/cryptography.svg\" alt=\"Criptografia\" class=\"wp-image-1412\" width=\"473\" height=\"468\"\/><\/figure>\n\n<\/div><\/div><\/div>\n\n<div class=\"gb-grid-column gb-grid-column-32e1430d\"><div class=\"gb-container gb-container-32e1430d\"><div class=\"gb-inside-container\">\n\n<h2 class=\"gb-headline gb-headline-c6416161\"><span class=\"gb-icon\"><svg xmlns=\"http:\/\/www.w3.org\/2000\/svg\" viewbox=\"0 0 80 42\" data-name=\"subtract\"><path d=\"M0 20.06h80v1.87H0z\"><\/path><\/svg><\/span><span class=\"gb-headline-text\">Teste seus conhecimentos de futebol e compita com outros treinadores em competi\u00e7\u00f5es de Fantasy Football<\/span><\/h2>\n\n\n\n<h2 class=\"gb-headline gb-headline-fcccb11c gb-headline-text\">O que \u00e9 Sorare?<\/h2>\n\n\n\n<p>Sorare \u00e9 um jogo de futebol de fantasia onde voc\u00ea <strong>realmente possui<\/strong> os jogadores que deseja em seu time. Come\u00e7ando do nada, os gerentes constroem suas Galerias para competir com outros gerentes. Os pr\u00eamios s\u00e3o em dinheiro, al\u00e9m de mais cart\u00f5es de recompensa. <\/p>\n\n\n\n<p class=\"gb-headline gb-headline-7196996c\"><span class=\"gb-icon\"><svg xmlns=\"http:\/\/www.w3.org\/2000\/svg\" aria-hidden=\"true\" role=\"img\" height=\"1em\" width=\"1em\" viewbox=\"0 0 256 512\"><path fill=\"currentColor\" d=\"M224.3 273l-136 136c-9.4 9.4-24.6 9.4-33.9 0l-22.6-22.6c-9.4-9.4-9.4-24.6 0-33.9l96.4-96.4-96.4-96.4c-9.4-9.4-9.4-24.6 0-33.9L54.3 103c9.4-9.4 24.6-9.4 33.9 0l136 136c9.5 9.4 9.5 24.6.1 34z\"><\/path><\/svg><\/span><span class=\"gb-headline-text\"><strong>Compre novas contrata\u00e7\u00f5es na casa de leil\u00f5es ou negocie com outros gerentes para uma pechincha.<\/strong><\/span><\/p>\n\n\n\n<p class=\"gb-headline gb-headline-d590db48\"><span class=\"gb-icon\"><svg xmlns=\"http:\/\/www.w3.org\/2000\/svg\" aria-hidden=\"true\" role=\"img\" height=\"1em\" width=\"1em\" viewbox=\"0 0 256 512\"><path fill=\"currentColor\" d=\"M224.3 273l-136 136c-9.4 9.4-24.6 9.4-33.9 0l-22.6-22.6c-9.4-9.4-9.4-24.6 0-33.9l96.4-96.4-96.4-96.4c-9.4-9.4-9.4-24.6 0-33.9L54.3 103c9.4-9.4 24.6-9.4 33.9 0l136 136c9.5 9.4 9.5 24.6.1 34z\"><\/path><\/svg><\/span><span class=\"gb-headline-text\"><strong>Insira suas escala\u00e7\u00f5es em torneios de futebol de fantasia para os direitos finais de se gabar. As recompensas s\u00e3o ilimitadas.<\/strong><\/span><\/p>\n\n\n\n<p class=\"gb-headline gb-headline-816b4cd6\"><span class=\"gb-icon\"><svg xmlns=\"http:\/\/www.w3.org\/2000\/svg\" aria-hidden=\"true\" role=\"img\" height=\"1em\" width=\"1em\" viewbox=\"0 0 256 512\"><path fill=\"currentColor\" d=\"M224.3 273l-136 136c-9.4 9.4-24.6 9.4-33.9 0l-22.6-22.6c-9.4-9.4-9.4-24.6 0-33.9l96.4-96.4-96.4-96.4c-9.4-9.4-9.4-24.6 0-33.9L54.3 103c9.4-9.4 24.6-9.4 33.9 0l136 136c9.5 9.4 9.5 24.6.1 34z\"><\/path><\/svg><\/span><span class=\"gb-headline-text\"><strong>Voc\u00ea possui fisicamente os cart\u00f5es no blockchain, dando a voc\u00ea direitos pessoais sobre esse cart\u00e3o. <\/strong><\/span><\/p>\n\n\n<div class=\"gb-button-wrapper gb-button-wrapper-a652e291\">\n\n<a class=\"gb-button gb-button-90d458f8 gb-button-text\" href=\"https:\/\/sorareguide.com\/free-cards\" target=\"_blank\" rel=\"noopener noreferrer\">Obtenha um cart\u00e3o limitado gratuito &#8211; ao comprar 5 do leil\u00e3o<\/a>\n\n<\/div>\n<\/div><\/div><\/div>\n<\/div>\n\n\n<p><a href=\"https:\/\/sorareguide.com\/free-cards\"><\/a><\/p>\n\n<\/div><\/div><div class=\"gb-container gb-container-3c1b3cef\"><div class=\"gb-inside-container\">\n\n<h4 class=\"gb-headline gb-headline-32365078\"><span class=\"gb-icon\"><svg xmlns=\"http:\/\/www.w3.org\/2000\/svg\" viewbox=\"0 0 40 28\"><path d=\"M30.6 28c-5.2 0-9.4-4.2-9.4-9.4C21.2 8 25.5 1 25.7.7l.5-.7H33l-.6 2C31.9 3.9 31 7.4 31 8.6v.6c2.4.1 4.6 1.1 6.3 2.8 1.7 1.8 2.7 4.1 2.7 6.6 0 5.2-4.2 9.4-9.4 9.4zM27.9 3.1c-1 2-3.6 7.7-3.6 15.5 0 3.4 2.8 6.2 6.2 6.2s6.2-2.8 6.2-6.2-2.7-6.2-6.1-6.2h-.1c-1.4 0-2-.7-2.4-1.3-.4-.7-.4-1.5-.4-2.4 0-1.2.6-3.7 1-5.5l-.8-.1zm2.7 6.1zM9.4 28C4.2 28 0 23.8 0 18.6 0 8 4.3 1 4.5.7l.4-.7h6.8l-.6 2c-.6 1.9-1.4 5.5-1.4 6.6v.6c2.4.1 4.6 1.1 6.3 2.8 1.7 1.8 2.7 4.1 2.7 6.6 0 5.2-4.2 9.4-9.3 9.4zM6.7 3.1c-1 2-3.6 7.7-3.6 15.5 0 3.4 2.8 6.2 6.2 6.2s6.2-2.8 6.2-6.2-2.7-6.2-6.1-6.2c-1.4 0-2-.7-2.4-1.3-.4-.7-.4-1.5-.4-2.4 0-1.2.6-3.7 1-5.5l-.9-.1zm2.7 6.1z\"><\/path><\/svg><\/span><span class=\"gb-headline-text\">TENHA SEU JOGO.<\/span><\/h4>\n\n\n\n<div class=\"wp-block-columns has-text-color has-background is-layout-flex wp-container-6 wp-block-columns-is-layout-flex\" style=\"background-color:#ffffff;color:#000000\">\n<div class=\"wp-block-column is-layout-flow wp-block-column-is-layout-flow\">\n<h3 class=\"wp-block-heading\" style=\"font-size:24px;line-height:1.3\"><strong>Centenas de Clubes Licenciados<\/strong><\/h3>\n\n\n\n<p>Compre NFTs colecion\u00e1veis de mais de 120 clubes ao redor do mundo. Mais Clubes est\u00e3o sendo adicionados a cada m\u00eas.<\/p>\n<\/div>\n\n\n\n<div class=\"wp-block-column is-layout-flow wp-block-column-is-layout-flow\">\n<h3 class=\"wp-block-heading\" style=\"font-size:24px;line-height:1.3\"><strong>Potencial de Explora\u00e7\u00e3o<\/strong><\/h3>\n\n\n\n<p>Voc\u00ea pode &#8216;Assistir&#8217; seus jogadores favoritos, para ser alertado quando um novo for adicionado ao Mercado de Transfer\u00eancias.<\/p>\n<\/div>\n\n\n\n<div class=\"wp-block-column is-layout-flow wp-block-column-is-layout-flow\">\n<h3 class=\"wp-block-heading\" style=\"font-size:24px;line-height:1.3\"><strong>V\u00e1rias ligas de futebol<\/strong><\/h3>\n\n\n\n<p>Com mais de 20 ligas cobertas, voc\u00ea pode explorar globalmente e encontrar os melhores jogadores dispon\u00edveis.<\/p>\n<\/div>\n<\/div>\n\n\n<div class=\"wp-block-image\">\n<figure class=\"aligncenter size-full is-resized\"><img decoding=\"async\" loading=\"lazy\" src=\"https:\/\/sorareguide.com\/wp-content\/uploads\/2021\/03\/Mbappe-Sorare-Card.png\" alt=\"Mbapp&#xE9; Sorare\" class=\"wp-image-7139\" width=\"335\" height=\"542\" srcset=\"https:\/\/sorareguide.com\/wp-content\/uploads\/2021\/03\/Mbappe-Sorare-Card.png 514w, https:\/\/sorareguide.com\/wp-content\/uploads\/2021\/03\/Mbappe-Sorare-Card-185x300.png 185w\" sizes=\"(max-width: 335px) 100vw, 335px\" \/><\/figure><\/div>\n\n\n<div class=\"wp-block-columns has-text-color has-background is-layout-flex wp-container-10 wp-block-columns-is-layout-flex\" style=\"background-color:#ffffff;color:#000000\">\n<div class=\"wp-block-column is-layout-flow wp-block-column-is-layout-flow\">\n<h3 class=\"wp-block-heading\" style=\"font-size:24px;line-height:1.3\"><strong><a href=\"http:\/\/wordpress.org\" target=\"_blank\">Construa sua cole\u00e7\u00e3o<\/a><\/strong><\/h3>\n\n\n\n<p>Seus Cart\u00f5es Digitais nunca expiram. Voc\u00ea pode se concentrar em construir uma cole\u00e7\u00e3o dos melhores jogadores do mundo.<\/p>\n<\/div>\n\n\n\n<div class=\"wp-block-column is-layout-flow wp-block-column-is-layout-flow\">\n<h3 class=\"wp-block-heading\" style=\"font-size:24px;line-height:1.3\"><strong>Design impec\u00e1vel<\/strong><\/h3>\n\n\n\n<p>Os Cart\u00f5es Virtuais s\u00e3o lindos, assim como este cart\u00e3o de edi\u00e7\u00e3o limitada do Mbappe PSG 50\u00ba Anivers\u00e1rio.<\/p>\n<\/div>\n\n\n\n<div class=\"wp-block-column is-layout-flow wp-block-column-is-layout-flow\">\n<h3 class=\"wp-block-heading\" style=\"font-size:24px;line-height:1.3\"><strong>Variedade de torneios<\/strong><\/h3>\n\n\n\n<p>J\u00e1 existem <strong>muitos<\/strong> traders que se recusam a fazer apostas com casas de apostas, depois de verem como \u00e9 bom o Football Index!<\/p>\n\n\n\n<p><a href=\"https:\/\/sorareguide.com\/free-cards\"><\/a><\/p>\n<\/div>\n<\/div>\n\n\n<div class=\"gb-container gb-container-91b231bf\"><div class=\"gb-inside-container\">\n<div class=\"gb-grid-wrapper gb-grid-wrapper-409ddfb8\">\n<div class=\"gb-grid-column gb-grid-column-a955004c\"><div class=\"gb-container gb-container-a955004c\"><div class=\"gb-inside-container\">\n\n<h2 class=\"gb-headline gb-headline-539c30d5\"><span class=\"gb-icon\"><svg xmlns=\"http:\/\/www.w3.org\/2000\/svg\" viewbox=\"0 0 80 42\" data-name=\"subtract\"><path d=\"M0 20.06h80v1.87H0z\"><\/path><\/svg><\/span><span class=\"gb-headline-text\">Comece a jogar hoje<\/span><\/h2>\n\n\n\n<h2 class=\"gb-headline gb-headline-a163fdff gb-headline-text\">Como come\u00e7ar<\/h2>\n\n\n\n<p>A primeira coisa que voc\u00ea deve fazer \u00e9 considerar usar um link de refer\u00eancia. Isso permitir\u00e1 que voc\u00ea receba 1 Cart\u00e3o Limitado Gratuito, na compra de 5 em leil\u00e3o.<\/p>\n\n\n\n<p>Voc\u00ea pode at\u00e9 come\u00e7ar a jogar nas Ligas Comuns Free to Play.<\/p>\n\n\n<div class=\"gb-button-wrapper gb-button-wrapper-6b012d52\">\n\n<a class=\"gb-button gb-button-a589c2b2 gb-button-text\" href=\"https:\/\/sorareguide.com\/free-cards\" target=\"_blank\" rel=\"noopener noreferrer\">Obtenha seu cart\u00e3o limitado gratuito<\/a>\n\n<\/div>\n<\/div><\/div><\/div>\n\n<div class=\"gb-grid-column gb-grid-column-31111a3b\"><div class=\"gb-container gb-container-31111a3b\"><div class=\"gb-inside-container\">\n\n<h3 class=\"gb-headline gb-headline-42ddb2c0\"><span class=\"gb-icon\"><svg xmlns=\"http:\/\/www.w3.org\/2000\/svg\" viewbox=\"0 0 384 512\"><path d=\"M384 112v352c0 26.51-21.49 48-48 48H48c-26.51 0-48-21.49-48-48V112c0-26.51 21.49-48 48-48h80c0-35.29 28.71-64 64-64s64 28.71 64 64h80c26.51 0 48 21.49 48 48zM192 40c-13.255 0-24 10.745-24 24s10.745 24 24 24 24-10.745 24-24-10.745-24-24-24m96 114v-20a6 6 0 00-6-6H102a6 6 0 00-6 6v20a6 6 0 006 6h180a6 6 0 006-6z\"><\/path><\/svg><\/span><span class=\"gb-headline-text\">Registre-se em sua conta<\/span><\/h3>\n\n\n\n<p style=\"font-size:15px\">Complete o processo de inscri\u00e7\u00e3o e escolha o nome do seu clube, logotipo etc.<\/p>\n\n\n\n<h3 class=\"gb-headline gb-headline-685d1b62\"><span class=\"gb-icon\"><svg xmlns=\"http:\/\/www.w3.org\/2000\/svg\" viewbox=\"0 0 512 512\"><path d=\"M461.2 128H80c-8.84 0-16-7.16-16-16s7.16-16 16-16h384c8.84 0 16-7.16 16-16 0-26.51-21.49-48-48-48H64C28.65 32 0 60.65 0 96v320c0 35.35 28.65 64 64 64h397.2c28.02 0 50.8-21.53 50.8-48V176c0-26.47-22.78-48-50.8-48zM416 336c-17.67 0-32-14.33-32-32s14.33-32 32-32 32 14.33 32 32-14.33 32-32 32z\"><\/path><\/svg><\/span><span class=\"gb-headline-text\">Revele seus primeiros cart\u00f5es<\/span><\/h3>\n\n\n\n<p style=\"font-size:15px\">Suas Cartas Comuns ser\u00e3o entregues atrav\u00e9s de um &#8216;Pacote de Recompensa&#8217;. Ap\u00f3s este ponto, voc\u00ea poder\u00e1 comprar diretamente da casa de leil\u00f5es e montar sua equipe de acordo com suas necessidades exatas.<\/p>\n\n\n\n<h3 class=\"gb-headline gb-headline-e229a232\"><span class=\"gb-icon\"><svg xmlns=\"http:\/\/www.w3.org\/2000\/svg\" viewbox=\"0 0 512 512\"><path d=\"M0 405.3V448c0 35.3 86 64 192 64s192-28.7 192-64v-42.7C342.7 434.4 267.2 448 192 448S41.3 434.4 0 405.3zM320 128c106 0 192-28.7 192-64S426 0 320 0 128 28.7 128 64s86 64 192 64zM0 300.4V352c0 35.3 86 64 192 64s192-28.7 192-64v-51.6c-41.3 34-116.9 51.6-192 51.6S41.3 334.4 0 300.4zm416 11c57.3-11.1 96-31.7 96-55.4v-42.7c-23.2 16.4-57.3 27.6-96 34.5v63.6zM192 160C86 160 0 195.8 0 240s86 80 192 80 192-35.8 192-80-86-80-192-80zm219.3 56.3c60-10.8 100.7-32 100.7-56.3v-42.7c-35.5 25.1-96.5 38.6-160.7 41.8 29.5 14.3 51.2 33.5 60 57.2z\"><\/path><\/svg><\/span><span class=\"gb-headline-text\">Entre em torneios de fantasia<\/span><\/h3>\n\n\n\n<p style=\"font-size:15px\">Depois de construir uma equipe, voc\u00ea pode entrar nos Torneios de Fantasia. O objetivo do jogo? Ganhe mais cart\u00f5es e pr\u00eamios em dinheiro.<\/p>\n\n<\/div><\/div><\/div>\n<\/div>\n<\/div><\/div>\n\n\n<div class=\"wp-block-columns is-layout-flex wp-container-16 wp-block-columns-is-layout-flex\">\n<div class=\"wp-block-column is-layout-flow wp-block-column-is-layout-flow\" style=\"flex-basis:50%\">\n<div class=\"wp-block-cover is-light\" style=\"min-height:600px\"><span aria-hidden=\"true\" class=\"wp-block-cover__background has-background-dim-0 has-background-dim\" style=\"background-color:#f6f6f6\"><\/span><div class=\"wp-block-cover__inner-container is-layout-flow wp-block-cover-is-layout-flow\"><div class=\"wp-block-image\">\n<figure class=\"aligncenter size-full\"><img decoding=\"async\" loading=\"lazy\" width=\"514\" height=\"832\" src=\"https:\/\/sorareguide.com\/wp-content\/uploads\/2021\/03\/Beckham-Sorare.png\" alt=\"Beckham Sorare\" class=\"wp-image-7144\" srcset=\"https:\/\/sorareguide.com\/wp-content\/uploads\/2021\/03\/Beckham-Sorare.png 514w, https:\/\/sorareguide.com\/wp-content\/uploads\/2021\/03\/Beckham-Sorare-185x300.png 185w\" sizes=\"(max-width: 514px) 100vw, 514px\" \/><\/figure><\/div><\/div><\/div>\n<\/div>\n\n\n\n<div class=\"wp-block-column is-vertically-aligned-center is-layout-flow wp-block-column-is-layout-flow\" style=\"padding-top:1em;padding-right:1em;padding-bottom:1em;padding-left:1em\">\n<div class=\"wp-block-columns is-layout-flex wp-container-14 wp-block-columns-is-layout-flex\">\n<div class=\"wp-block-column is-layout-flow wp-block-column-is-layout-flow\" style=\"flex-basis:320px\">\n<h4 class=\"gb-headline gb-headline-7524dbe9 gb-headline-text\"><strong>Sorare \u00e9 apenas mais um jogo de fantasy de futebol?<\/strong><\/h4>\n\n\n\n<p>Sorare \u00e9 muito mais do que Fantasy Football. Embora uma grande parte do jogo seja entrar em torneios para ganhar pr\u00eamios, como novos jogadores e Ethereum\u2026 o aspecto Digital Collectible do jogo \u00e9 \u00f3timo.<\/p>\n\n\n\n<p>Por exemplo, esta carta de David Beckham n\u00e3o pode ser usada em torneios de fantasia, mas tem um enorme valor colecion\u00e1vel. <\/p>\n\n\n\n<p>Voc\u00ea simplesmente n\u00e3o pode olhar para o rosto dele sem ser lembrado <strong>daquele gol de falta,<\/strong> contra a Gr\u00e9cia em 2001.<\/p>\n\n\n\n<p><a href=\"https:\/\/sorareguide.com\/pt-pt\/sorare-review-o-que-e-sorare-como-jogar\/\" data-type=\"post\" data-id=\"5518\">Sorare n\u00e3o \u00e9 uma plataforma de jogos de azar<\/a> e voc\u00ea pode ter seus cart\u00f5es para sempre. Estrelas globais como Antoine Griezmann est\u00e3o ao vivo no mercado, come\u00e7ando a construir sua cole\u00e7\u00e3o pessoal de jogos.<\/p>\n<\/div>\n<\/div>\n<\/div>\n<\/div>\n\n<\/div><\/div><div class=\"gb-container gb-container-2f6d3f6f\"><div class=\"gb-inside-container\">\n\n<h3 class=\"gb-headline gb-headline-3b72360a\"><span class=\"gb-icon\"><svg xmlns=\"http:\/\/www.w3.org\/2000\/svg\" viewbox=\"0 0 68.98 38.88\"><path d=\"M15.51 38.88H0L22.45 0h15.51zM46.53 38.88H31.02L53.47 0h15.51z\"><\/path><\/svg><\/span><span class=\"gb-headline-text\">Artigos Mais Recentes<\/span><\/h3>\n\n<\/div><\/div>\n<div class=\"wp-block-query is-layout-flow wp-block-query-is-layout-flow\"><ul class=\"is-flex-container columns-3 wp-block-post-template is-layout-flow wp-block-post-template-is-layout-flow\"><li class=\"wp-block-post post-12761 post type-post status-publish format-standard has-post-thumbnail hentry category-guias-para-iniciantes generate-columns tablet-grid-50 mobile-grid-100 grid-parent grid-50 resize-featured-image\">\n\n<div class=\"wp-block-group is-layout-flow wp-block-group-is-layout-flow\" style=\"padding-top:30px;padding-right:30px;padding-bottom:30px;padding-left:30px\"><div class=\"wp-block-group__inner-container\"><h2 class=\"wp-block-post-title\"><a href=\"https:\/\/sorareguide.com\/pt-pt\/sorare-dicas-e-truques-para-iniciantes\/\" target=\"_self\">Sorare Dicas e truques para iniciantes<\/a><\/h2>\n\n<div class=\"wp-block-post-excerpt\"><p class=\"wp-block-post-excerpt__excerpt\">Quando Novos Gerentes come\u00e7am a jogar Sorare, n\u00e3o \u00e9 incomum que eles entrem em contato pedindo ajuda. H\u00e1 algumas raz\u00f5es para isso, e \u00e9 a raz\u00e3o pela qual criei o artigo anterior. Como o Sorare \u00e9 uma plataforma completamente \u00fanica, leva tempo para aprender como a plataforma funciona. Para ajudar o processo a ficar um&hellip; <\/p><\/div>\n\n<div class=\"wp-block-post-date\"><time datetime=\"2022-06-13T20:17:02+01:00\">Junho 13, 2022<\/time><\/div><\/div><\/div>\n\n<\/li><li class=\"wp-block-post post-15983 post type-post status-publish format-standard has-post-thumbnail hentry category-relatorios-dos-escoteiros generate-columns tablet-grid-50 mobile-grid-100 grid-parent grid-50 resize-featured-image\">\n\n<div class=\"wp-block-group is-layout-flow wp-block-group-is-layout-flow\" style=\"padding-top:30px;padding-right:30px;padding-bottom:30px;padding-left:30px\"><div class=\"wp-block-group__inner-container\"><h2 class=\"wp-block-post-title\"><a href=\"https:\/\/sorareguide.com\/pt-pt\/sorare-portugal-4-escolhas-apos-uma-missao-de-escotismo\/\" target=\"_self\">Sorare Portugal: 4 Escolhas ap\u00f3s uma Miss\u00e3o de Escotismo<\/a><\/h2>\n\n<div class=\"wp-block-post-excerpt\"><p class=\"wp-block-post-excerpt__excerpt\">Cristiano Ronaldo. Bruno Fernandes. Jo\u00e3o F\u00e9lix. Como este posto pode ser f\u00e1cil! Infelizmente, por mim, tento n\u00e3o tornar estas miss\u00f5es de reconhecimento demasiado f\u00e1ceis e gosto de um pouco de desafio. Embora fosse fant\u00e1stico manter os jogadores acima mencionados no Sorare, apenas um pequeno grupo de pessoas poder\u00e1 faz\u00ea-lo. S\u00e3o caros. Em vez disso, gosto&hellip; <\/p><\/div>\n\n<div class=\"wp-block-post-date\"><time datetime=\"2021-08-05T07:51:02+01:00\">Agosto 5, 2021<\/time><\/div><\/div><\/div>\n\n<\/li><li class=\"wp-block-post post-13604 post type-post status-publish format-standard has-post-thumbnail hentry category-sorare-pt-pt generate-columns tablet-grid-50 mobile-grid-100 grid-parent grid-50 resize-featured-image\">\n\n<div class=\"wp-block-group is-layout-flow wp-block-group-is-layout-flow\" style=\"padding-top:30px;padding-right:30px;padding-bottom:30px;padding-left:30px\"><div class=\"wp-block-group__inner-container\"><h2 class=\"wp-block-post-title\"><a href=\"https:\/\/sorareguide.com\/pt-pt\/como-depositar-no-sorare\/\" target=\"_self\">Como depositar no Sorare (M\u00e9todo mais barato e mais eficiente)<\/a><\/h2>\n\n<div class=\"wp-block-post-excerpt\"><p class=\"wp-block-post-excerpt__excerpt\">Como depositar na Sorare (utilizando uma conta banc\u00e1ria) Muitos jogadores t\u00eam-me enviado um e-mail a perguntar como depositar em Sorare, como podem fazer com outras plataformas. No entanto, Sorare corre na cadeia de bloqueio para n\u00e3o utilizar dinheiro, utiliza Ethereum. Que melhor, do que um Tutorial de Dep\u00f3sito Sorare? Penso que pelo menos 70% dos&hellip; <\/p><\/div>\n\n<div class=\"wp-block-post-date\"><time datetime=\"2021-07-21T18:53:10+01:00\">Julho 21, 2021<\/time><\/div><\/div><\/div>\n\n<\/li><li class=\"wp-block-post post-12569 post type-post status-publish format-standard has-post-thumbnail hentry category-beginner-guides category-guias-para-iniciantes generate-columns tablet-grid-50 mobile-grid-100 grid-parent grid-50 resize-featured-image\">\n\n<div class=\"wp-block-group is-layout-flow wp-block-group-is-layout-flow\" style=\"padding-top:30px;padding-right:30px;padding-bottom:30px;padding-left:30px\"><div class=\"wp-block-group__inner-container\"><h2 class=\"wp-block-post-title\"><a href=\"https:\/\/sorareguide.com\/pt-pt\/sorare-guia-iniciantes\/\" target=\"_self\">O que \u00e9 Sorare? O melhor guia e tutorial para iniciantes para 2022<\/a><\/h2>\n\n<div class=\"wp-block-post-excerpt\"><p class=\"wp-block-post-excerpt__excerpt\">Guia para iniciantes do Sorare N\u00e3o h\u00e1 como negar que os cart\u00f5es Sorare parecem fant\u00e1sticos. No entanto, para voc\u00ea realmente entender a plataforma, precisamos ignorar o design dos cart\u00f5es at\u00e9 certo ponto. Neste guia Sorare Beginners, estarei discutindo tudo na plataforma, os pontos-chave sendo escassez, pr\u00eamios de torneios e o ecossistema que Sorare estabeleceu. No&hellip; <\/p><\/div>\n\n<div class=\"wp-block-post-date\"><time datetime=\"2021-03-26T00:00:23+01:00\">Mar\u00e7o 26, 2021<\/time><\/div><\/div><\/div>\n\n<\/li><li class=\"wp-block-post post-10107 post type-post status-publish format-standard has-post-thumbnail hentry category-ofertas-pt-pt generate-columns tablet-grid-50 mobile-grid-100 grid-parent grid-50 resize-featured-image\">\n\n<div class=\"wp-block-group is-layout-flow wp-block-group-is-layout-flow\" style=\"padding-top:30px;padding-right:30px;padding-bottom:30px;padding-left:30px\"><div class=\"wp-block-group__inner-container\"><h2 class=\"wp-block-post-title\"><a href=\"https:\/\/sorareguide.com\/pt-pt\/sorare-review\/\" target=\"_self\">Sorare Review: O que \u00e9 Sorare &amp; Como Jogar<\/a><\/h2>\n\n<div class=\"wp-block-post-excerpt\"><p class=\"wp-block-post-excerpt__excerpt\">Sorare \u00e9 uma plataforma de futebol de fantasia, baseada na blockchain. Os jogadores podem construir uma cole\u00e7\u00e3o dos seus jogadores favoritos e competir em torneios, para ganhar recompensas. <\/p><\/div>\n\n<div class=\"wp-block-post-date\"><time datetime=\"2020-06-26T12:39:07+01:00\">Junho 26, 2020<\/time><\/div><\/div><\/div>\n\n<\/li><\/ul><\/div>\n","protected":false},"excerpt":{"rendered":"<p>Sobre Sorare Sorare \u00e9 um jogo global de fantasy de futebol, permitindo que voc\u00ea colete cart\u00f5es digitais oficialmente licenciados. Com pr\u00eamios oferecidos a cada semana, voc\u00ea est\u00e1 motivado a aumentar continuamente sua cole\u00e7\u00e3o. A Sorare \u00e9 apoiada por uma enorme equipe de investidores como Rio Ferdinand, Andre Schurrle e Antoine Griezmann. Eles tamb\u00e9m atra\u00edram os &#8230; <a title=\"Casa\" class=\"read-more\" href=\"https:\/\/sorareguide.com\/pt-pt\/\" aria-label=\"Mais em Casa\">Ler mais<\/a><\/p>\n","protected":false},"author":8,"featured_media":0,"parent":0,"menu_order":0,"comment_status":"closed","ping_status":"closed","template":"","meta":{"footnotes":""},"_links":{"self":[{"href":"https:\/\/sorareguide.com\/pt-pt\/wp-json\/wp\/v2\/pages\/12592"}],"collection":[{"href":"https:\/\/sorareguide.com\/pt-pt\/wp-json\/wp\/v2\/pages"}],"about":[{"href":"https:\/\/sorareguide.com\/pt-pt\/wp-json\/wp\/v2\/types\/page"}],"author":[{"embeddable":true,"href":"https:\/\/sorareguide.com\/pt-pt\/wp-json\/wp\/v2\/users\/8"}],"replies":[{"embeddable":true,"href":"https:\/\/sorareguide.com\/pt-pt\/wp-json\/wp\/v2\/comments?post=12592"}],"version-history":[{"count":1,"href":"https:\/\/sorareguide.com\/pt-pt\/wp-json\/wp\/v2\/pages\/12592\/revisions"}],"predecessor-version":[{"id":12593,"href":"https:\/\/sorareguide.com\/pt-pt\/wp-json\/wp\/v2\/pages\/12592\/revisions\/12593"}],"wp:attachment":[{"href":"https:\/\/sorareguide.com\/pt-pt\/wp-json\/wp\/v2\/media?parent=12592"}],"curies":[{"name":"wp","href":"https:\/\/api.w.org\/{rel}","templated":true}]}}