{"id":12588,"date":"2020-09-26T15:45:58","date_gmt":"2020-09-26T14:45:58","guid":{"rendered":"https:\/\/sorareguide.com\/ev\/"},"modified":"2022-06-20T20:40:43","modified_gmt":"2022-06-20T20:40:43","slug":"ev","status":"publish","type":"page","link":"https:\/\/sorareguide.com\/tr\/","title":{"rendered":"Ev"},"content":{"rendered":"<div class=\"gb-container gb-container-6988789f\"><div class=\"gb-inside-container\">\n<div class=\"gb-grid-wrapper gb-grid-wrapper-85de27a8\">\n<div class=\"gb-grid-column gb-grid-column-7581e29c\"><div class=\"gb-container gb-container-7581e29c\"><div class=\"gb-inside-container\">\n\n<h1 class=\"gb-headline gb-headline-7fb735cd gb-headline-text\">Sorare bir Fantezi Futbol Oyunudur. Sorare Guide&#8217;da kazanman\u0131za yard\u0131mc\u0131 olacak <mark class=\"gb-highlight\">ipu\u00e7lar\u0131, k\u0131lavuzlar ve yard\u0131m<\/mark> sa\u011fl\u0131yoruz.<\/h1>\n\n<\/div><\/div><\/div>\n<\/div>\n<\/div><\/div><div class=\"gb-container gb-container-3d5d5356\"><div class=\"gb-inside-container\">\n<div class=\"gb-grid-wrapper gb-grid-wrapper-ce209d0e\">\n<div class=\"gb-grid-column gb-grid-column-ed07c45b\"><div class=\"gb-container gb-container-ed07c45b\"><div class=\"gb-inside-container\">\n\n<h2 class=\"gb-headline gb-headline-8147db57 gb-headline-text\">\u00d6zel Bonusunuzu Ka\u00e7\u0131rmay\u0131n<\/h2>\n\n\n\n<p>Ba\u011flant\u0131m\u0131z\u0131 kullanarak, M\u00fczayededen 5 Kart Sat\u0131n Ald\u0131\u011f\u0131n\u0131zda \u00dccretsiz S\u0131n\u0131rl\u0131 Kart alacaks\u0131n\u0131z. Kimi kazanacaks\u0131n <em><strong>?<\/strong><\/em><\/p>\n\n<\/div><\/div><\/div>\n\n<div class=\"gb-grid-column gb-grid-column-0a224e83\"><div class=\"gb-container gb-container-0a224e83\"><div class=\"gb-inside-container\">\n\n<div class=\"wp-block-buttons is-layout-flex wp-block-buttons-is-layout-flex\">\n<div class=\"wp-block-button\"><a class=\"wp-block-button__link\" href=\"https:\/\/sorareguide.com\/free-cards\">\u00dccretsiz Kart\u0131n\u0131z\u0131 \u015e\u0130MD\u0130 Al\u0131n<\/a><\/div>\n<\/div>\n\n<\/div><\/div><\/div>\n<\/div>\n<\/div><\/div><div class=\"gb-container gb-container-2992f866\"><div class=\"gb-inside-container\">\n\n<h3 class=\"gb-headline gb-headline-df16c429\"><span class=\"gb-icon\"><svg xmlns=\"http:\/\/www.w3.org\/2000\/svg\" viewbox=\"0 0 68.98 38.88\"><path d=\"M15.51 38.88H0L22.45 0h15.51zM46.53 38.88H31.02L53.47 0h15.51z\"><\/path><\/svg><\/span><span class=\"gb-headline-text\">Sorare hakk\u0131nda<\/span><\/h3>\n\n\n\n<div style=\"height:14px\" aria-hidden=\"true\" class=\"wp-block-spacer\"><\/div>\n\n\n\n<p>Sorare, resmi lisansl\u0131 dijital kartlar\u0131 toplaman\u0131za izin veren k\u00fcresel bir fantezi futbol oyunudur. Her hafta <a class=\"wpil_keyword_link \" href=\"https:\/\/sorareguide.com\/tr\/sorare-incelemesi\/\" title=\"teklif\" data-wpil-keyword-link=\"linked\">sunulan<\/a> \u00f6d\u00fcllerle, koleksiyonunuzu s\u00fcrekli olarak art\u0131rmak i\u00e7in motive olursunuz.<\/p>\n\n\n\n<p>Sorare, Rio Ferdinand, Andre Schurrle ve Antoine Griezmann gibi b\u00fcy\u00fck bir yat\u0131r\u0131mc\u0131 ekibi taraf\u0131ndan destekleniyor. Ubisoft&#8217;un be\u011fenisini de \u00e7ektiler.<\/p>\n\n\n\n<p>Blockchain, \u00f6zellikle Ethereum (ETH) \u00fczerine kurulu bir Fantezi Futbol oyunudur. Bu yeni bir konsept ama amac\u0131m\u0131z, turnuvalar\u0131 kazanma \u015fans\u0131n\u0131z\u0131 art\u0131rmak i\u00e7in size \u00fccretsiz kaynaklar ve bilgiler sunmak. <strong>Dijital Toplama ve Fantezi Oyunlar\u0131n\u0131n bir kar\u0131\u015f\u0131m\u0131d\u0131r. <\/strong>5 Kart sat\u0131n ald\u0131\u011f\u0131n\u0131zda \u00dccretsiz Kart\u0131n\u0131z\u0131 al\u0131n.<\/p>\n\n\n<div class=\"gb-grid-wrapper gb-grid-wrapper-126af6dc\">\n<div class=\"gb-grid-column gb-grid-column-b910f0a6\"><div class=\"gb-container gb-container-b910f0a6\"><div class=\"gb-inside-container\">\n\n<figure class=\"wp-block-image size-full is-resized\"><img decoding=\"async\" loading=\"lazy\" src=\"https:\/\/learnretailarbitrage.com\/wp-content\/uploads\/2021\/06\/cryptography.svg\" alt=\"kriptografi\" class=\"wp-image-1412\" width=\"473\" height=\"468\"\/><\/figure>\n\n<\/div><\/div><\/div>\n\n<div class=\"gb-grid-column gb-grid-column-32e1430d\"><div class=\"gb-container gb-container-32e1430d\"><div class=\"gb-inside-container\">\n\n<h2 class=\"gb-headline gb-headline-c6416161\"><span class=\"gb-icon\"><svg xmlns=\"http:\/\/www.w3.org\/2000\/svg\" viewbox=\"0 0 80 42\" data-name=\"subtract\"><path d=\"M0 20.06h80v1.87H0z\"><\/path><\/svg><\/span><span class=\"gb-headline-text\">Fantezi Futbol M\u00fcsabakalar\u0131nda Futbol Bilginizi Test Edin ve Di\u011fer Menajerlerle Yar\u0131\u015f\u0131n<\/span><\/h2>\n\n\n\n<h2 class=\"gb-headline gb-headline-fcccb11c gb-headline-text\">Sorare nedir?<\/h2>\n\n\n\n<p>Sorare, tak\u0131m\u0131n\u0131zda olmas\u0131n\u0131 istedi\u011finiz oyunculara <strong>ger\u00e7ekten sahip<\/strong> oldu\u011funuz bir Fantezi Futbol Oyunudur. Y\u00f6neticiler, s\u0131f\u0131rdan ba\u015flayarak, di\u011fer y\u00f6neticilerle rekabet etmek i\u00e7in Galerilerini olu\u015fturur. \u00d6d\u00fcller, daha fazla \u00f6d\u00fcl kart\u0131na ek olarak Nakittir. <\/p>\n\n\n\n<p class=\"gb-headline gb-headline-7196996c\"><span class=\"gb-icon\"><svg xmlns=\"http:\/\/www.w3.org\/2000\/svg\" aria-hidden=\"true\" role=\"img\" height=\"1em\" width=\"1em\" viewbox=\"0 0 256 512\"><path fill=\"currentColor\" d=\"M224.3 273l-136 136c-9.4 9.4-24.6 9.4-33.9 0l-22.6-22.6c-9.4-9.4-9.4-24.6 0-33.9l96.4-96.4-96.4-96.4c-9.4-9.4-9.4-24.6 0-33.9L54.3 103c9.4-9.4 24.6-9.4 33.9 0l136 136c9.5 9.4 9.5 24.6.1 34z\"><\/path><\/svg><\/span><span class=\"gb-headline-text\"><strong>M\u00fczayede Evi&#8217;nden Yeni \u0130mzalar sat\u0131n al\u0131n veya bir pazarl\u0131k anla\u015fmas\u0131 i\u00e7in di\u011fer y\u00f6neticilerle pazarl\u0131k yap\u0131n.<\/strong><\/span><\/p>\n\n\n\n<p class=\"gb-headline gb-headline-d590db48\"><span class=\"gb-icon\"><svg xmlns=\"http:\/\/www.w3.org\/2000\/svg\" aria-hidden=\"true\" role=\"img\" height=\"1em\" width=\"1em\" viewbox=\"0 0 256 512\"><path fill=\"currentColor\" d=\"M224.3 273l-136 136c-9.4 9.4-24.6 9.4-33.9 0l-22.6-22.6c-9.4-9.4-9.4-24.6 0-33.9l96.4-96.4-96.4-96.4c-9.4-9.4-9.4-24.6 0-33.9L54.3 103c9.4-9.4 24.6-9.4 33.9 0l136 136c9.5 9.4 9.5 24.6.1 34z\"><\/path><\/svg><\/span><span class=\"gb-headline-text\"><strong>\u00dcst\u00fcn \u00d6v\u00fcnme Haklar\u0131 i\u00e7in Fantezi Futbol Turnuvalar\u0131nda Kadrolar\u0131n\u0131z\u0131 girin. \u00d6d\u00fcller S\u0131n\u0131rs\u0131z.<\/strong><\/span><\/p>\n\n\n\n<p class=\"gb-headline gb-headline-816b4cd6\"><span class=\"gb-icon\"><svg xmlns=\"http:\/\/www.w3.org\/2000\/svg\" aria-hidden=\"true\" role=\"img\" height=\"1em\" width=\"1em\" viewbox=\"0 0 256 512\"><path fill=\"currentColor\" d=\"M224.3 273l-136 136c-9.4 9.4-24.6 9.4-33.9 0l-22.6-22.6c-9.4-9.4-9.4-24.6 0-33.9l96.4-96.4-96.4-96.4c-9.4-9.4-9.4-24.6 0-33.9L54.3 103c9.4-9.4 24.6-9.4 33.9 0l136 136c9.5 9.4 9.5 24.6.1 34z\"><\/path><\/svg><\/span><span class=\"gb-headline-text\"><strong>Blok zincirindeki kartlar\u0131n fiziksel sahibi sizsiniz ve bu kart i\u00e7in size ki\u015fisel haklar veriyorsunuz. <\/strong><\/span><\/p>\n\n\n<div class=\"gb-button-wrapper gb-button-wrapper-a652e291\">\n\n<a class=\"gb-button gb-button-90d458f8 gb-button-text\" href=\"https:\/\/sorareguide.com\/free-cards\" target=\"_blank\" rel=\"noopener noreferrer\">\u00dccretsiz S\u0131n\u0131rl\u0131 Kart Al\u0131n &#8211; A\u00e7\u0131k Art\u0131rmadan 5 Sat\u0131n Ald\u0131\u011f\u0131n\u0131zda<\/a>\n\n<\/div>\n<\/div><\/div><\/div>\n<\/div>\n\n\n<p><a href=\"https:\/\/sorareguide.com\/free-cards\"><\/a><\/p>\n\n<\/div><\/div><div class=\"gb-container gb-container-3c1b3cef\"><div class=\"gb-inside-container\">\n\n<h4 class=\"gb-headline gb-headline-32365078\"><span class=\"gb-icon\"><svg xmlns=\"http:\/\/www.w3.org\/2000\/svg\" viewbox=\"0 0 40 28\"><path d=\"M30.6 28c-5.2 0-9.4-4.2-9.4-9.4C21.2 8 25.5 1 25.7.7l.5-.7H33l-.6 2C31.9 3.9 31 7.4 31 8.6v.6c2.4.1 4.6 1.1 6.3 2.8 1.7 1.8 2.7 4.1 2.7 6.6 0 5.2-4.2 9.4-9.4 9.4zM27.9 3.1c-1 2-3.6 7.7-3.6 15.5 0 3.4 2.8 6.2 6.2 6.2s6.2-2.8 6.2-6.2-2.7-6.2-6.1-6.2h-.1c-1.4 0-2-.7-2.4-1.3-.4-.7-.4-1.5-.4-2.4 0-1.2.6-3.7 1-5.5l-.8-.1zm2.7 6.1zM9.4 28C4.2 28 0 23.8 0 18.6 0 8 4.3 1 4.5.7l.4-.7h6.8l-.6 2c-.6 1.9-1.4 5.5-1.4 6.6v.6c2.4.1 4.6 1.1 6.3 2.8 1.7 1.8 2.7 4.1 2.7 6.6 0 5.2-4.2 9.4-9.3 9.4zM6.7 3.1c-1 2-3.6 7.7-3.6 15.5 0 3.4 2.8 6.2 6.2 6.2s6.2-2.8 6.2-6.2-2.7-6.2-6.1-6.2c-1.4 0-2-.7-2.4-1.3-.4-.7-.4-1.5-.4-2.4 0-1.2.6-3.7 1-5.5l-.9-.1zm2.7 6.1z\"><\/path><\/svg><\/span><span class=\"gb-headline-text\">OYUNUNUZA SAH\u0130P OLUN.<\/span><\/h4>\n\n\n\n<div class=\"wp-block-columns has-text-color has-background is-layout-flex wp-container-6 wp-block-columns-is-layout-flex\" style=\"background-color:#ffffff;color:#000000\">\n<div class=\"wp-block-column is-layout-flow wp-block-column-is-layout-flow\">\n<h3 class=\"wp-block-heading\" style=\"font-size:24px;line-height:1.3\"><strong>100&#8217;lerce Lisansl\u0131 Kul\u00fcp<\/strong><\/h3>\n\n\n\n<p>D\u00fcnya \u00e7ap\u0131nda 120&#8217;den fazla kul\u00fcpten Koleksiyon NFT&#8217;leri sat\u0131n al\u0131n. Her ay daha fazla Kul\u00fcp ekleniyor.<\/p>\n<\/div>\n\n\n\n<div class=\"wp-block-column is-layout-flow wp-block-column-is-layout-flow\">\n<h3 class=\"wp-block-heading\" style=\"font-size:24px;line-height:1.3\"><strong>\u0130zcilik Potansiyeli<\/strong><\/h3>\n\n\n\n<p>Favori oyuncular\u0131n\u0131z\u0131 &#8216;\u0130zleyebilirsiniz&#8217;, b\u00f6ylece Transfer Pazar\u0131na yeni bir oyuncu eklendi\u011finde uyar\u0131 al\u0131rs\u0131n\u0131z.<\/p>\n<\/div>\n\n\n\n<div class=\"wp-block-column is-layout-flow wp-block-column-is-layout-flow\">\n<h3 class=\"wp-block-heading\" style=\"font-size:24px;line-height:1.3\"><strong>\u00c7oklu Futbol Ligi<\/strong><\/h3>\n\n\n\n<p>Kapsanan 20&#8217;den fazla lig ile d\u00fcnya \u00e7ap\u0131nda ke\u015fif yapabilir ve mevcut en iyi oyuncular\u0131 bulabilirsiniz.<\/p>\n<\/div>\n<\/div>\n\n\n<div class=\"wp-block-image\">\n<figure class=\"aligncenter size-full is-resized\"><img decoding=\"async\" loading=\"lazy\" src=\"https:\/\/sorareguide.com\/wp-content\/uploads\/2021\/03\/Mbappe-Sorare-Card.png\" alt=\"Mbappe Sorare\" class=\"wp-image-7139\" width=\"335\" height=\"542\" srcset=\"https:\/\/sorareguide.com\/wp-content\/uploads\/2021\/03\/Mbappe-Sorare-Card.png 514w, https:\/\/sorareguide.com\/wp-content\/uploads\/2021\/03\/Mbappe-Sorare-Card-185x300.png 185w\" sizes=\"(max-width: 335px) 100vw, 335px\" \/><\/figure><\/div>\n\n\n<div class=\"wp-block-columns has-text-color has-background is-layout-flex wp-container-10 wp-block-columns-is-layout-flex\" style=\"background-color:#ffffff;color:#000000\">\n<div class=\"wp-block-column is-layout-flow wp-block-column-is-layout-flow\">\n<h3 class=\"wp-block-heading\" style=\"font-size:24px;line-height:1.3\"><strong><a href=\"http:\/\/wordpress.org\" target=\"_blank\">Koleksiyonunuzu Olu\u015fturun<\/a><\/strong><\/h3>\n\n\n\n<p>Dijital Kartlar\u0131n\u0131z\u0131n s\u00fcresi asla. D\u00fcnyan\u0131n en iyi oyuncular\u0131ndan olu\u015fan bir koleksiyon olu\u015fturmaya odaklanabilirsiniz.<\/p>\n<\/div>\n\n\n\n<div class=\"wp-block-column is-layout-flow wp-block-column-is-layout-flow\">\n<h3 class=\"wp-block-heading\" style=\"font-size:24px;line-height:1.3\"><strong>Kusursuz Tasar\u0131m<\/strong><\/h3>\n\n\n\n<p>Sanal Kartlar g\u00fczeldir, t\u0131pk\u0131 bu Mbappe PSG 50. Y\u0131ld\u00f6n\u00fcm\u00fc s\u0131n\u0131rl\u0131 \u00fcretim kart\u0131 gibi.<\/p>\n<\/div>\n\n\n\n<div class=\"wp-block-column is-layout-flow wp-block-column-is-layout-flow\">\n<h3 class=\"wp-block-heading\" style=\"font-size:24px;line-height:1.3\"><strong>\u00c7e\u015fitli Turnuvalar<\/strong><\/h3>\n\n\n\n<p>Football Index&#8217;in ne kadar iyi oldu\u011funu g\u00f6rd\u00fckten sonra, bahis\u00e7ilerle bahis oynamay\u0131 reddeden <strong>\u00e7ok<\/strong> say\u0131da t\u00fcccar var!<\/p>\n\n\n\n<p><a href=\"https:\/\/sorareguide.com\/free-cards\"><\/a><\/p>\n<\/div>\n<\/div>\n\n\n<div class=\"gb-container gb-container-91b231bf\"><div class=\"gb-inside-container\">\n<div class=\"gb-grid-wrapper gb-grid-wrapper-409ddfb8\">\n<div class=\"gb-grid-column gb-grid-column-a955004c\"><div class=\"gb-container gb-container-a955004c\"><div class=\"gb-inside-container\">\n\n<h2 class=\"gb-headline gb-headline-539c30d5\"><span class=\"gb-icon\"><svg xmlns=\"http:\/\/www.w3.org\/2000\/svg\" viewbox=\"0 0 80 42\" data-name=\"subtract\"><path d=\"M0 20.06h80v1.87H0z\"><\/path><\/svg><\/span><span class=\"gb-headline-text\">Bug\u00fcn Oynamaya Ba\u015flay\u0131n<\/span><\/h2>\n\n\n\n<h2 class=\"gb-headline gb-headline-a163fdff gb-headline-text\">Nas\u0131l Ba\u015flan\u0131r?<\/h2>\n\n\n\n<p>Yapman\u0131z gereken ilk \u015fey, bir tavsiye ba\u011flant\u0131s\u0131 kullanmay\u0131 d\u00fc\u015f\u00fcnmektir. Bu, a\u00e7\u0131k art\u0131rmadan 5 adet sat\u0131n ald\u0131\u011f\u0131n\u0131zda 1 \u00dccretsiz S\u0131n\u0131rl\u0131 Kart alman\u0131z\u0131 sa\u011flayacakt\u0131r.<\/p>\n\n\n\n<p>Oynamas\u0131 \u00dccretsiz Ortak Liglerde oynamaya bile ba\u015flayabilirsiniz.<\/p>\n\n\n<div class=\"gb-button-wrapper gb-button-wrapper-6b012d52\">\n\n<a class=\"gb-button gb-button-a589c2b2 gb-button-text\" href=\"https:\/\/sorareguide.com\/free-cards\" target=\"_blank\" rel=\"noopener noreferrer\">\u00dccretsiz S\u0131n\u0131rl\u0131 Kart\u0131n\u0131z\u0131 Al\u0131n<\/a>\n\n<\/div>\n<\/div><\/div><\/div>\n\n<div class=\"gb-grid-column gb-grid-column-31111a3b\"><div class=\"gb-container gb-container-31111a3b\"><div class=\"gb-inside-container\">\n\n<h3 class=\"gb-headline gb-headline-42ddb2c0\"><span class=\"gb-icon\"><svg xmlns=\"http:\/\/www.w3.org\/2000\/svg\" viewbox=\"0 0 384 512\"><path d=\"M384 112v352c0 26.51-21.49 48-48 48H48c-26.51 0-48-21.49-48-48V112c0-26.51 21.49-48 48-48h80c0-35.29 28.71-64 64-64s64 28.71 64 64h80c26.51 0 48 21.49 48 48zM192 40c-13.255 0-24 10.745-24 24s10.745 24 24 24 24-10.745 24-24-10.745-24-24-24m96 114v-20a6 6 0 00-6-6H102a6 6 0 00-6 6v20a6 6 0 006 6h180a6 6 0 006-6z\"><\/path><\/svg><\/span><span class=\"gb-headline-text\">Hesab\u0131n\u0131z i\u00e7in Kaydolun<\/span><\/h3>\n\n\n\n<p style=\"font-size:15px\">Kay\u0131t \u0130\u015flemini Tamamlay\u0131n ve Kul\u00fcp Ad\u0131n\u0131z\u0131, Logonuzu vb. se\u00e7in.<\/p>\n\n\n\n<h3 class=\"gb-headline gb-headline-685d1b62\"><span class=\"gb-icon\"><svg xmlns=\"http:\/\/www.w3.org\/2000\/svg\" viewbox=\"0 0 512 512\"><path d=\"M461.2 128H80c-8.84 0-16-7.16-16-16s7.16-16 16-16h384c8.84 0 16-7.16 16-16 0-26.51-21.49-48-48-48H64C28.65 32 0 60.65 0 96v320c0 35.35 28.65 64 64 64h397.2c28.02 0 50.8-21.53 50.8-48V176c0-26.47-22.78-48-50.8-48zM416 336c-17.67 0-32-14.33-32-32s14.33-32 32-32 32 14.33 32 32-14.33 32-32 32z\"><\/path><\/svg><\/span><span class=\"gb-headline-text\">\u0130lk Kartlar\u0131n\u0131z\u0131 A\u00e7\u0131n<\/span><\/h3>\n\n\n\n<p style=\"font-size:15px\">Ortak Kartlar\u0131n\u0131z bir &#8216;\u00d6d\u00fcl Paketi&#8217; ile teslim edilecektir. Bu noktadan sonra, do\u011frudan m\u00fczayede evinden sat\u0131n alabilecek ve ekibinizi tam gereksinimlerinize g\u00f6re olu\u015fturabileceksiniz.<\/p>\n\n\n\n<h3 class=\"gb-headline gb-headline-e229a232\"><span class=\"gb-icon\"><svg xmlns=\"http:\/\/www.w3.org\/2000\/svg\" viewbox=\"0 0 512 512\"><path d=\"M0 405.3V448c0 35.3 86 64 192 64s192-28.7 192-64v-42.7C342.7 434.4 267.2 448 192 448S41.3 434.4 0 405.3zM320 128c106 0 192-28.7 192-64S426 0 320 0 128 28.7 128 64s86 64 192 64zM0 300.4V352c0 35.3 86 64 192 64s192-28.7 192-64v-51.6c-41.3 34-116.9 51.6-192 51.6S41.3 334.4 0 300.4zm416 11c57.3-11.1 96-31.7 96-55.4v-42.7c-23.2 16.4-57.3 27.6-96 34.5v63.6zM192 160C86 160 0 195.8 0 240s86 80 192 80 192-35.8 192-80-86-80-192-80zm219.3 56.3c60-10.8 100.7-32 100.7-56.3v-42.7c-35.5 25.1-96.5 38.6-160.7 41.8 29.5 14.3 51.2 33.5 60 57.2z\"><\/path><\/svg><\/span><span class=\"gb-headline-text\">Fantezi Turnuvalar\u0131na Girin<\/span><\/h3>\n\n\n\n<p style=\"font-size:15px\">Bir tak\u0131m olu\u015fturduktan sonra Fantezi Turnuvalar\u0131na kat\u0131labilirsiniz. Oyunun amac\u0131? Daha Fazla Kart ve Nakit \u00d6d\u00fcl Kazan\u0131n.<\/p>\n\n<\/div><\/div><\/div>\n<\/div>\n<\/div><\/div>\n\n\n<div class=\"wp-block-columns is-layout-flex wp-container-16 wp-block-columns-is-layout-flex\">\n<div class=\"wp-block-column is-layout-flow wp-block-column-is-layout-flow\" style=\"flex-basis:50%\">\n<div class=\"wp-block-cover is-light\" style=\"min-height:600px\"><span aria-hidden=\"true\" class=\"wp-block-cover__background has-background-dim-0 has-background-dim\" style=\"background-color:#f6f6f6\"><\/span><div class=\"wp-block-cover__inner-container is-layout-flow wp-block-cover-is-layout-flow\"><div class=\"wp-block-image\">\n<figure class=\"aligncenter size-full\"><img decoding=\"async\" loading=\"lazy\" width=\"514\" height=\"832\" src=\"https:\/\/sorareguide.com\/wp-content\/uploads\/2021\/03\/Beckham-Sorare.png\" alt=\"Beckham Sorare\" class=\"wp-image-7144\" srcset=\"https:\/\/sorareguide.com\/wp-content\/uploads\/2021\/03\/Beckham-Sorare.png 514w, https:\/\/sorareguide.com\/wp-content\/uploads\/2021\/03\/Beckham-Sorare-185x300.png 185w\" sizes=\"(max-width: 514px) 100vw, 514px\" \/><\/figure><\/div><\/div><\/div>\n<\/div>\n\n\n\n<div class=\"wp-block-column is-vertically-aligned-center is-layout-flow wp-block-column-is-layout-flow\" style=\"padding-top:1em;padding-right:1em;padding-bottom:1em;padding-left:1em\">\n<div class=\"wp-block-columns is-layout-flex wp-container-14 wp-block-columns-is-layout-flex\">\n<div class=\"wp-block-column is-layout-flow wp-block-column-is-layout-flow\" style=\"flex-basis:320px\">\n<h4 class=\"gb-headline gb-headline-7524dbe9 gb-headline-text\"><strong>Sorare sadece ba\u015fka bir fantezi futbol oyunu mu?<\/strong><\/h4>\n\n\n\n<p>Sorare, Fantasy Football&#8217;dan \u00e7ok daha fazlas\u0131d\u0131r. Oyunun b\u00fcy\u00fck bir k\u0131sm\u0131, yeni oyuncular ve Ethereum gibi \u00f6d\u00fcller kazanmak i\u00e7in turnuvalara girerken\u2026 Oyunun Dijital Koleksiyon y\u00f6n\u00fc harika.<\/p>\n\n\n\n<p>\u00d6rne\u011fin, bu David Beckham kart\u0131 fantezi turnuvalar\u0131nda kullan\u0131lamaz, ancak b\u00fcy\u00fck bir koleksiyon de\u011feri vard\u0131r. <\/p>\n\n\n\n<p>2001&#8217;de Yunanistan&#8217;a kar\u015f\u0131 <strong>al\u0131nan serbest vuru\u015fu<\/strong> hat\u0131rlamadan y\u00fcz\u00fcne bakamazs\u0131n\u0131z.<\/p>\n\n\n\n<p><a href=\"https:\/\/sorareguide.com\/tr\/sorare-incelemesi\/\" data-type=\"post\" data-id=\"5518\">Sorare bir kumar platformu de\u011fildir<\/a> ve kartlar\u0131n\u0131za \u00f6m\u00fcr boyu sahip olabilirsiniz. Antoine Griezmann gibi k\u00fcresel y\u0131ld\u0131zlar, ki\u015fisel oyun koleksiyonunu olu\u015fturmaya ba\u015flayarak piyasada yay\u0131nda.<\/p>\n<\/div>\n<\/div>\n<\/div>\n<\/div>\n\n<\/div><\/div><div class=\"gb-container gb-container-2f6d3f6f\"><div class=\"gb-inside-container\">\n\n<h3 class=\"gb-headline gb-headline-3b72360a\"><span class=\"gb-icon\"><svg xmlns=\"http:\/\/www.w3.org\/2000\/svg\" viewbox=\"0 0 68.98 38.88\"><path d=\"M15.51 38.88H0L22.45 0h15.51zM46.53 38.88H31.02L53.47 0h15.51z\"><\/path><\/svg><\/span><span class=\"gb-headline-text\">En son makaleler<\/span><\/h3>\n\n<\/div><\/div>\n<div class=\"wp-block-query is-layout-flow wp-block-query-is-layout-flow\"><ul class=\"is-flex-container columns-3 wp-block-post-template is-layout-flow wp-block-post-template-is-layout-flow\"><li class=\"wp-block-post post-12510 post type-post status-publish format-standard has-post-thumbnail hentry category-beginner-guides generate-columns tablet-grid-50 mobile-grid-100 grid-parent grid-50 resize-featured-image\">\n\n<div class=\"wp-block-group is-layout-flow wp-block-group-is-layout-flow\" style=\"padding-top:30px;padding-right:30px;padding-bottom:30px;padding-left:30px\"><div class=\"wp-block-group__inner-container\"><h2 class=\"wp-block-post-title\"><a href=\"https:\/\/sorareguide.com\/tr\/sorare-ipuclari\/\" target=\"_self\">Yeni ba\u015flayanlar i\u00e7in Sorare \u0130pu\u00e7lar\u0131 ve P\u00fcf Noktalar\u0131<\/a><\/h2>\n\n<div class=\"wp-block-post-excerpt\"><p class=\"wp-block-post-excerpt__excerpt\">Yeni Menajerler Sorare oynamaya ba\u015flad\u0131\u011f\u0131nda, yard\u0131m istemek i\u00e7in onlara ula\u015fmalar\u0131 nadir de\u011fildir. Bunun birka\u00e7 nedeni var ve \u00f6nceki makaleyi olu\u015fturmam\u0131n nedeni de bu. Sorare tamamen benzersiz bir platform oldu\u011fundan, platformun nas\u0131l \u00e7al\u0131\u015ft\u0131\u011f\u0131n\u0131 \u00f6\u011frenmek zaman al\u0131yor. S\u00fcrecin sizin i\u00e7in biraz daha kolayla\u015fmas\u0131na yard\u0131mc\u0131 olmak i\u00e7in, Sorare&#8217;den en iyi \u015fekilde yararlanman\u0131za yard\u0131mc\u0131 olacak Sorare \u0130pu\u00e7lar\u0131 ve P\u00fcf&hellip; <\/p><\/div>\n\n<div class=\"wp-block-post-date\"><time datetime=\"2022-06-13T20:17:02+01:00\">Haziran 13, 2022<\/time><\/div><\/div><\/div>\n\n<\/li><li class=\"wp-block-post post-12618 post type-post status-publish format-standard has-post-thumbnail hentry category-baslangic-kilavuzlari category-beginner-guides generate-columns tablet-grid-50 mobile-grid-100 grid-parent grid-50 resize-featured-image\">\n\n<div class=\"wp-block-group is-layout-flow wp-block-group-is-layout-flow\" style=\"padding-top:30px;padding-right:30px;padding-bottom:30px;padding-left:30px\"><div class=\"wp-block-group__inner-container\"><h2 class=\"wp-block-post-title\"><a href=\"https:\/\/sorareguide.com\/tr\/sorare-yeni-baslayanlar-kilavuzu\/\" target=\"_self\">Sorare nedir? Yeni Ba\u015flayanlar \u0130\u00e7in En \u0130yi Rehber ve 2022 E\u011fitimi<\/a><\/h2>\n\n<div class=\"wp-block-post-excerpt\"><p class=\"wp-block-post-excerpt__excerpt\">Sorare Yeni Ba\u015flayanlar Rehberi Sorare kartlar\u0131n\u0131n harika g\u00f6r\u00fcnd\u00fc\u011f\u00fc inkar edilemez. Ancak, platformu ger\u00e7ekten anlaman\u0131z i\u00e7in kartlar\u0131n tasar\u0131m\u0131n\u0131 bir dereceye kadar g\u00f6rmezden gelmemiz gerekiyor. Bu Sorare Yeni Ba\u015flayanlar rehberinde, platformdaki her \u015feyi tart\u0131\u015faca\u011f\u0131m, kilit noktalar, k\u0131tl\u0131k, turnuva \u00f6d\u00fclleri ve Sorare&#8217;nin kurdu\u011fu eko sistem. Ancak, platform hakk\u0131nda a\u00e7\u0131klanacak bir\u00e7ok farkl\u0131 mekanik oldu\u011fundan, a\u00e7\u0131klamas\u0131 en kolay Fantasy Football&hellip; <\/p><\/div>\n\n<div class=\"wp-block-post-date\"><time datetime=\"2021-03-26T00:00:23+01:00\">Mart 26, 2021<\/time><\/div><\/div><\/div>\n\n<\/li><li class=\"wp-block-post post-9579 post type-post status-publish format-standard has-post-thumbnail hentry category-baslangic-kilavuzlari category-teklifler generate-columns tablet-grid-50 mobile-grid-100 grid-parent grid-50 resize-featured-image\">\n\n<div class=\"wp-block-group is-layout-flow wp-block-group-is-layout-flow\" style=\"padding-top:30px;padding-right:30px;padding-bottom:30px;padding-left:30px\"><div class=\"wp-block-group__inner-container\"><h2 class=\"wp-block-post-title\"><a href=\"https:\/\/sorareguide.com\/tr\/sorare-incelemesi\/\" target=\"_self\">Sorare \u0130ncelemesi: Sorare Nedir ve Nas\u0131l Oynan\u0131r<\/a><\/h2>\n\n<div class=\"wp-block-post-excerpt\"><p class=\"wp-block-post-excerpt__excerpt\">Sorare, blok zincirine dayal\u0131 bir Fantezi Futbol Platformudur. Oyuncular, favori oyuncular\u0131ndan olu\u015fan bir koleksiyon olu\u015fturabilir ve \u00f6d\u00fcller kazanmak i\u00e7in turnuvalarda rekabet edebilir. <\/p><\/div>\n\n<div class=\"wp-block-post-date\"><time datetime=\"2020-06-26T12:39:07+01:00\">Haziran 26, 2020<\/time><\/div><\/div><\/div>\n\n<\/li><\/ul><\/div>\n","protected":false},"excerpt":{"rendered":"<p>Sorare hakk\u0131nda Sorare, resmi lisansl\u0131 dijital kartlar\u0131 toplaman\u0131za izin veren k\u00fcresel bir fantezi futbol oyunudur. Her hafta sunulan \u00f6d\u00fcllerle, koleksiyonunuzu s\u00fcrekli olarak art\u0131rmak i\u00e7in motive olursunuz. Sorare, Rio Ferdinand, Andre Schurrle ve Antoine Griezmann gibi b\u00fcy\u00fck bir yat\u0131r\u0131mc\u0131 ekibi taraf\u0131ndan destekleniyor. Ubisoft&#8217;un be\u011fenisini de \u00e7ektiler. Blockchain, \u00f6zellikle Ethereum (ETH) \u00fczerine kurulu bir Fantezi Futbol oyunudur. &#8230; <a title=\"Ev\" class=\"read-more\" href=\"https:\/\/sorareguide.com\/tr\/\" aria-label=\"More on Ev\">Read more<\/a><\/p>\n","protected":false},"author":8,"featured_media":0,"parent":0,"menu_order":0,"comment_status":"closed","ping_status":"closed","template":"","meta":{"footnotes":""},"_links":{"self":[{"href":"https:\/\/sorareguide.com\/tr\/wp-json\/wp\/v2\/pages\/12588"}],"collection":[{"href":"https:\/\/sorareguide.com\/tr\/wp-json\/wp\/v2\/pages"}],"about":[{"href":"https:\/\/sorareguide.com\/tr\/wp-json\/wp\/v2\/types\/page"}],"author":[{"embeddable":true,"href":"https:\/\/sorareguide.com\/tr\/wp-json\/wp\/v2\/users\/8"}],"replies":[{"embeddable":true,"href":"https:\/\/sorareguide.com\/tr\/wp-json\/wp\/v2\/comments?post=12588"}],"version-history":[{"count":1,"href":"https:\/\/sorareguide.com\/tr\/wp-json\/wp\/v2\/pages\/12588\/revisions"}],"predecessor-version":[{"id":12589,"href":"https:\/\/sorareguide.com\/tr\/wp-json\/wp\/v2\/pages\/12588\/revisions\/12589"}],"wp:attachment":[{"href":"https:\/\/sorareguide.com\/tr\/wp-json\/wp\/v2\/media?parent=12588"}],"curies":[{"name":"wp","href":"https:\/\/api.w.org\/{rel}","templated":true}]}}